{"id":1765,"date":"2019-05-02T19:19:54","date_gmt":"2019-05-02T19:19:54","guid":{"rendered":"https:\/\/www.automacao10.com.br\/blog\/?page_id=1765"},"modified":"2025-02-04T14:10:44","modified_gmt":"2025-02-04T17:10:44","slug":"display-antifurto","status":"publish","type":"page","link":"https:\/\/www.automacao10.com.br\/blog\/display-antifurto\/","title":{"rendered":"Display Antifurto"},"content":{"rendered":"\t\t<div data-elementor-type=\"wp-post\" data-elementor-id=\"1765\" class=\"elementor elementor-1765\" data-elementor-post-type=\"page\">\n\t\t\t\t<div class=\"elementor-element elementor-element-e80417c e-flex e-con-boxed e-con e-parent\" data-id=\"e80417c\" data-element_type=\"container\" data-e-type=\"container\">\n\t\t\t\t\t<div class=\"e-con-inner\">\n\t\t<div class=\"elementor-element elementor-element-cb63a05 e-con-full e-flex e-con e-child\" data-id=\"cb63a05\" data-element_type=\"container\" data-e-type=\"container\">\n\t\t\t\t<div class=\"elementor-element elementor-element-0a92c85 elementor-widget elementor-widget-image\" data-id=\"0a92c85\" data-element_type=\"widget\" data-e-type=\"widget\" data-widget_type=\"image.default\">\n\t\t\t\t<div class=\"elementor-widget-container\">\n\t\t\t\t\t\t\t\t\t\t\t\t\t\t\t<img fetchpriority=\"high\" decoding=\"async\" width=\"800\" height=\"400\" src=\"https:\/\/www.automacao10.com.br\/blog\/wp-content\/uploads\/2024\/11\/Dispositivos-Antifurto-para-Feiras-e-Eventos.jpg\" class=\"attachment-large size-large wp-image-12401\" alt=\"\" srcset=\"https:\/\/www.automacao10.com.br\/blog\/wp-content\/uploads\/2024\/11\/Dispositivos-Antifurto-para-Feiras-e-Eventos.jpg 1024w, https:\/\/www.automacao10.com.br\/blog\/wp-content\/uploads\/2024\/11\/Dispositivos-Antifurto-para-Feiras-e-Eventos-300x150.jpg 300w, https:\/\/www.automacao10.com.br\/blog\/wp-content\/uploads\/2024\/11\/Dispositivos-Antifurto-para-Feiras-e-Eventos-768x384.jpg 768w\" sizes=\"(max-width: 800px) 100vw, 800px\" \/>\t\t\t\t\t\t\t\t\t\t\t\t\t\t\t<\/div>\n\t\t\t\t<\/div>\n\t\t\t\t<div class=\"elementor-element elementor-element-c770240 elementor-widget__width-initial elementor-widget elementor-widget-text-editor\" data-id=\"c770240\" data-element_type=\"widget\" data-e-type=\"widget\" data-widget_type=\"text-editor.default\">\n\t\t\t\t<div class=\"elementor-widget-container\">\n\t\t\t\t\t\t\t\t\t<h2>Display Antifurto<\/h2><p>Como deixar produtos em exposi\u00e7\u00e3o para que seus clientes e futuros clientes possam ter a experiencia de usabilidade antes da compra e ao mesmo tempo com seguran\u00e7a com rela\u00e7\u00e3o a furtos?<br \/><br \/>Hoje em dia um problema recorrente e muito e em maior escala do que os roubos a m\u00e3o armada devido ao menor potencial\u00a0 ofensivo muitas quadrilhas preferem praticar esta modalidade para\u00a0 ter uma pena muito menor em caso de ser pego.<br \/><br \/><b>Com isto bate a preocupa\u00e7\u00e3o de como evitar este furtos?<\/b><\/p>\t\t\t\t\t\t\t\t<\/div>\n\t\t\t\t<\/div>\n\t\t\t\t<div class=\"elementor-element elementor-element-bc95aa5 elementor-widget elementor-widget-heading\" data-id=\"bc95aa5\" data-element_type=\"widget\" data-e-type=\"widget\" data-widget_type=\"heading.default\">\n\t\t\t\t<div class=\"elementor-widget-container\">\n\t\t\t\t\t<h3 class=\"elementor-heading-title elementor-size-default\">Evite furtos com Displayers Antifurto<\/h3>\t\t\t\t<\/div>\n\t\t\t\t<\/div>\n\t\t<div class=\"elementor-element elementor-element-7b5e3f2 e-con-full e-flex e-con e-child\" data-id=\"7b5e3f2\" data-element_type=\"container\" data-e-type=\"container\">\n\t\t\t\t<div class=\"elementor-element elementor-element-208c5a6 elementor-widget__width-initial elementor-widget elementor-widget-image\" data-id=\"208c5a6\" data-element_type=\"widget\" data-e-type=\"widget\" data-widget_type=\"image.default\">\n\t\t\t\t<div class=\"elementor-widget-container\">\n\t\t\t\t\t\t\t\t\t\t\t\t\t\t\t\t<a href=\"https:\/\/www.automacao10.com.br\/expositores-antifurto\/\" target=\"_blank\">\n\t\t\t\t\t\t\t<img decoding=\"async\" width=\"300\" height=\"300\" src=\"https:\/\/www.automacao10.com.br\/blog\/wp-content\/uploads\/2024\/11\/Mini-Alarme_2-300x300.jpg\" class=\"attachment-medium size-medium wp-image-12381\" alt=\"\" srcset=\"https:\/\/www.automacao10.com.br\/blog\/wp-content\/uploads\/2024\/11\/Mini-Alarme_2-300x300.jpg 300w, https:\/\/www.automacao10.com.br\/blog\/wp-content\/uploads\/2024\/11\/Mini-Alarme_2-1024x1024.jpg 1024w, https:\/\/www.automacao10.com.br\/blog\/wp-content\/uploads\/2024\/11\/Mini-Alarme_2-150x150.jpg 150w, https:\/\/www.automacao10.com.br\/blog\/wp-content\/uploads\/2024\/11\/Mini-Alarme_2-768x768.jpg 768w, https:\/\/www.automacao10.com.br\/blog\/wp-content\/uploads\/2024\/11\/Mini-Alarme_2.jpg 1200w\" sizes=\"(max-width: 300px) 100vw, 300px\" \/>\t\t\t\t\t\t\t\t<\/a>\n\t\t\t\t\t\t\t\t\t\t\t\t\t\t\t<\/div>\n\t\t\t\t<\/div>\n\t\t\t\t<div class=\"elementor-element elementor-element-0596dea elementor-widget elementor-widget-image\" data-id=\"0596dea\" data-element_type=\"widget\" data-e-type=\"widget\" data-widget_type=\"image.default\">\n\t\t\t\t<div class=\"elementor-widget-container\">\n\t\t\t\t\t\t\t\t\t\t\t\t\t\t\t\t<a href=\"https:\/\/www.automacao10.com.br\/expositores-antifurto\/\" target=\"_blank\">\n\t\t\t\t\t\t\t<img decoding=\"async\" width=\"768\" height=\"768\" src=\"https:\/\/www.automacao10.com.br\/blog\/wp-content\/uploads\/2024\/11\/antifurto-drone_2-768x768.jpg\" class=\"attachment-medium_large size-medium_large wp-image-12382\" alt=\"\" srcset=\"https:\/\/www.automacao10.com.br\/blog\/wp-content\/uploads\/2024\/11\/antifurto-drone_2-768x768.jpg 768w, https:\/\/www.automacao10.com.br\/blog\/wp-content\/uploads\/2024\/11\/antifurto-drone_2-300x300.jpg 300w, https:\/\/www.automacao10.com.br\/blog\/wp-content\/uploads\/2024\/11\/antifurto-drone_2-150x150.jpg 150w, https:\/\/www.automacao10.com.br\/blog\/wp-content\/uploads\/2024\/11\/antifurto-drone_2.jpg 825w\" sizes=\"(max-width: 768px) 100vw, 768px\" \/>\t\t\t\t\t\t\t\t<\/a>\n\t\t\t\t\t\t\t\t\t\t\t\t\t\t\t<\/div>\n\t\t\t\t<\/div>\n\t\t\t\t<\/div>\n\t\t\t\t<div class=\"elementor-element elementor-element-c917b17 elementor-widget__width-initial elementor-widget elementor-widget-text-editor\" data-id=\"c917b17\" data-element_type=\"widget\" data-e-type=\"widget\" data-widget_type=\"text-editor.default\">\n\t\t\t\t<div class=\"elementor-widget-container\">\n\t\t\t\t\t\t\t\t\tAcima veja as imagens de alguns displayers antifurto para smartphone e iPad, sistema com alarme e ainda mant\u00e9m os equipamentos em carga sem precisar por mais cabo do carregador de energia se caso o furtador cortar o cabo dispara um alarme sonoro e luminoso.Um verdadeiro sistema de seguran\u00e7a ativo lhe trazendo tranquilidade para se preocupar somente em atender seus clientes.<br><br>\nTalvez voc\u00ea diga ah mais isto \u00e9 muito caro e n\u00e3o posso gastar mais com seguran\u00e7a!!!!\nO que sai mais barato voc\u00ea sendo furtado toda semana amargando preju\u00edzos e tendo que repor ou mesmo deixando seus produtos dentro de uma vitrine o que reduz e muito as vendas.<br><br>\nN\u00f3s da Lumar Tecnologia temos os equipamentos com qualidade e pre\u00e7os competitivos com o melhor custo benef\u00edcio do mercado.\t\t\t\t\t\t\t\t<\/div>\n\t\t\t\t<\/div>\n\t\t\t\t<div class=\"elementor-element elementor-element-f122ee7 elementor-widget elementor-widget-heading\" data-id=\"f122ee7\" data-element_type=\"widget\" data-e-type=\"widget\" data-widget_type=\"heading.default\">\n\t\t\t\t<div class=\"elementor-widget-container\">\n\t\t\t\t\t<h4 class=\"elementor-heading-title elementor-size-default\">Displayers Antifurto Tranquilidade e Seguran\u00e7a<\/h4>\t\t\t\t<\/div>\n\t\t\t\t<\/div>\n\t\t<div class=\"elementor-element elementor-element-85b7357 e-con-full e-flex e-con e-child\" data-id=\"85b7357\" data-element_type=\"container\" data-e-type=\"container\">\n\t\t\t\t<div class=\"elementor-element elementor-element-06720f5 elementor-widget__width-initial elementor-widget elementor-widget-image\" data-id=\"06720f5\" data-element_type=\"widget\" data-e-type=\"widget\" data-widget_type=\"image.default\">\n\t\t\t\t<div class=\"elementor-widget-container\">\n\t\t\t\t\t\t\t\t\t\t\t\t\t\t\t\t<a href=\"https:\/\/www.automacao10.com.br\/expositores-antifurto\/\" target=\"_blank\">\n\t\t\t\t\t\t\t<img loading=\"lazy\" decoding=\"async\" width=\"300\" height=\"300\" src=\"https:\/\/www.automacao10.com.br\/blog\/wp-content\/uploads\/2024\/11\/Antifurto_celular_tipo_C_Stand_One_1-300x300.jpg\" class=\"attachment-medium size-medium wp-image-12393\" alt=\"\" srcset=\"https:\/\/www.automacao10.com.br\/blog\/wp-content\/uploads\/2024\/11\/Antifurto_celular_tipo_C_Stand_One_1-300x300.jpg 300w, https:\/\/www.automacao10.com.br\/blog\/wp-content\/uploads\/2024\/11\/Antifurto_celular_tipo_C_Stand_One_1-1024x1024.jpg 1024w, https:\/\/www.automacao10.com.br\/blog\/wp-content\/uploads\/2024\/11\/Antifurto_celular_tipo_C_Stand_One_1-150x150.jpg 150w, https:\/\/www.automacao10.com.br\/blog\/wp-content\/uploads\/2024\/11\/Antifurto_celular_tipo_C_Stand_One_1-768x768.jpg 768w, https:\/\/www.automacao10.com.br\/blog\/wp-content\/uploads\/2024\/11\/Antifurto_celular_tipo_C_Stand_One_1.jpg 1200w\" sizes=\"(max-width: 300px) 100vw, 300px\" \/>\t\t\t\t\t\t\t\t<\/a>\n\t\t\t\t\t\t\t\t\t\t\t\t\t\t\t<\/div>\n\t\t\t\t<\/div>\n\t\t\t\t<div class=\"elementor-element elementor-element-28e8259 elementor-widget elementor-widget-image\" data-id=\"28e8259\" data-element_type=\"widget\" data-e-type=\"widget\" data-widget_type=\"image.default\">\n\t\t\t\t<div class=\"elementor-widget-container\">\n\t\t\t\t\t\t\t\t\t\t\t\t\t\t\t\t<a href=\"https:\/\/www.automacao10.com.br\/expositores-antifurto\/\" target=\"_blank\">\n\t\t\t\t\t\t\t<img loading=\"lazy\" decoding=\"async\" width=\"800\" height=\"800\" src=\"https:\/\/www.automacao10.com.br\/blog\/wp-content\/uploads\/2024\/11\/Expositor_Tablet_antifurto_2-1024x1024.jpg\" class=\"attachment-large size-large wp-image-12397\" alt=\"\" srcset=\"https:\/\/www.automacao10.com.br\/blog\/wp-content\/uploads\/2024\/11\/Expositor_Tablet_antifurto_2-1024x1024.jpg 1024w, https:\/\/www.automacao10.com.br\/blog\/wp-content\/uploads\/2024\/11\/Expositor_Tablet_antifurto_2-300x300.jpg 300w, https:\/\/www.automacao10.com.br\/blog\/wp-content\/uploads\/2024\/11\/Expositor_Tablet_antifurto_2-150x150.jpg 150w, https:\/\/www.automacao10.com.br\/blog\/wp-content\/uploads\/2024\/11\/Expositor_Tablet_antifurto_2-768x768.jpg 768w, https:\/\/www.automacao10.com.br\/blog\/wp-content\/uploads\/2024\/11\/Expositor_Tablet_antifurto_2.jpg 1200w\" sizes=\"(max-width: 800px) 100vw, 800px\" \/>\t\t\t\t\t\t\t\t<\/a>\n\t\t\t\t\t\t\t\t\t\t\t\t\t\t\t<\/div>\n\t\t\t\t<\/div>\n\t\t\t\t<\/div>\n\t\t\t\t<div class=\"elementor-element elementor-element-2f5c07c elementor-widget__width-initial elementor-widget elementor-widget-text-editor\" data-id=\"2f5c07c\" data-element_type=\"widget\" data-e-type=\"widget\" data-widget_type=\"text-editor.default\">\n\t\t\t\t<div class=\"elementor-widget-container\">\n\t\t\t\t\t\t\t\t\t<p>\u00a0Proteja Seus Produtos e Aumente Seus Lucros com Nossos Displayers de Seguran\u00e7a!<\/p><p>Seja em **lojas, quiosques ou feiras e eventos**, proteger seus produtos nunca foi t\u00e3o simples e eficiente. Com nossos **displayers antifurto com alarme ou travas**, voc\u00ea garante:<\/p><p><img decoding=\"async\" class=\"emoji\" role=\"img\" draggable=\"false\" src=\"https:\/\/s.w.org\/images\/core\/emoji\/15.0.3\/svg\/2714.svg\" alt=\"\u2714\ufe0f\" \/> **Seguran\u00e7a Total:** Proteja seus itens contra furtos e danos. <br \/><img decoding=\"async\" class=\"emoji\" role=\"img\" draggable=\"false\" src=\"https:\/\/s.w.org\/images\/core\/emoji\/15.0.3\/svg\/2714.svg\" alt=\"\u2714\ufe0f\" \/> **Tranquilidade para Vender Mais:** Foque no atendimento enquanto nossos sistemas cuidam da seguran\u00e7a. <br \/><img decoding=\"async\" class=\"emoji\" role=\"img\" draggable=\"false\" src=\"https:\/\/s.w.org\/images\/core\/emoji\/15.0.3\/svg\/2714.svg\" alt=\"\u2714\ufe0f\" \/> **Lucros Maiores:** Reduza perdas e maximize seus ganhos.<\/p><p>&#8212;<\/p><p>### **Por que Escolher Nossos Displayers?**<br \/><img decoding=\"async\" class=\"emoji\" role=\"img\" draggable=\"false\" src=\"https:\/\/s.w.org\/images\/core\/emoji\/15.0.3\/svg\/2705.svg\" alt=\"\u2705\" \/> **Qualidade Comprovada:** 20 anos de experi\u00eancia no mercado com produtos testados e aprovados por centenas de clientes. <br \/><img decoding=\"async\" class=\"emoji\" role=\"img\" draggable=\"false\" src=\"https:\/\/s.w.org\/images\/core\/emoji\/15.0.3\/svg\/2705.svg\" alt=\"\u2705\" \/> **Tecnologia Avan\u00e7ada:** Alarmes sens\u00edveis e travas robustas que oferecem a melhor prote\u00e7\u00e3o. <br \/><img decoding=\"async\" class=\"emoji\" role=\"img\" draggable=\"false\" src=\"https:\/\/s.w.org\/images\/core\/emoji\/15.0.3\/svg\/2705.svg\" alt=\"\u2705\" \/> **Solu\u00e7\u00f5es Personalizadas:** Oferecemos op\u00e7\u00f5es que se ajustam ao seu or\u00e7amento e \u00e0s suas necessidades.<\/p><p>&#8212;<\/p><p><img decoding=\"async\" class=\"emoji\" role=\"img\" draggable=\"false\" src=\"https:\/\/s.w.org\/images\/core\/emoji\/15.0.3\/svg\/1f4ac.svg\" alt=\"\ud83d\udcac\" \/> **Converse com um dos nossos consultores ainda hoje** e receba uma proposta sob medida para proteger seus produtos e alavancar seus resultados.<\/p><p><img decoding=\"async\" class=\"emoji\" role=\"img\" draggable=\"false\" src=\"https:\/\/s.w.org\/images\/core\/emoji\/15.0.3\/svg\/1f449.svg\" alt=\"\ud83d\udc49\" \/> Clique no bot\u00e3o abaixo e solicite seu or\u00e7amento agora mesmo!<\/p>\t\t\t\t\t\t\t\t<\/div>\n\t\t\t\t<\/div>\n\t\t\t\t<div class=\"elementor-element elementor-element-3ff91e7 elementor-align-center elementor-widget__width-inherit elementor-widget elementor-widget-button\" data-id=\"3ff91e7\" data-element_type=\"widget\" data-e-type=\"widget\" data-widget_type=\"button.default\">\n\t\t\t\t<div class=\"elementor-widget-container\">\n\t\t\t\t\t\t\t\t\t<div class=\"elementor-button-wrapper\">\n\t\t\t\t\t<a class=\"elementor-button elementor-button-link elementor-size-sm\" href=\"https:\/\/www.automacao10.com.br\/blog\/contato\/\">\n\t\t\t\t\t\t<span class=\"elementor-button-content-wrapper\">\n\t\t\t\t\t\t\t\t\t<span class=\"elementor-button-text\">Fale Conosco<\/span>\n\t\t\t\t\t<\/span>\n\t\t\t\t\t<\/a>\n\t\t\t\t<\/div>\n\t\t\t\t\t\t\t\t<\/div>\n\t\t\t\t<\/div>\n\t\t\t\t<\/div>\n\t\t\t\t\t<\/div>\n\t\t\t\t<\/div>\n\t\t\t\t<\/div>\n\t\t","protected":false},"excerpt":{"rendered":"<p>Display Antifurto Como deixar produtos em exposi\u00e7\u00e3o para que seus clientes e futuros clientes possam ter a experiencia de usabilidade antes da compra e ao mesmo tempo com seguran\u00e7a com rela\u00e7\u00e3o a furtos? Hoje em dia um problema recorrente e muito e em maior escala do que os roubos a m\u00e3o armada devido ao menor [&hellip;]<\/p>\n","protected":false},"author":1,"featured_media":12401,"parent":0,"menu_order":0,"comment_status":"closed","ping_status":"closed","template":"","meta":{"_uag_custom_page_level_css":"","footnotes":""},"class_list":["post-1765","page","type-page","status-publish","has-post-thumbnail","hentry"],"uagb_featured_image_src":{"full":["https:\/\/www.automacao10.com.br\/blog\/wp-content\/uploads\/2024\/11\/Dispositivos-Antifurto-para-Feiras-e-Eventos.jpg",1024,512,false],"thumbnail":["https:\/\/www.automacao10.com.br\/blog\/wp-content\/uploads\/2024\/11\/Dispositivos-Antifurto-para-Feiras-e-Eventos-150x150.jpg",150,150,true],"medium":["https:\/\/www.automacao10.com.br\/blog\/wp-content\/uploads\/2024\/11\/Dispositivos-Antifurto-para-Feiras-e-Eventos-300x150.jpg",300,150,true],"medium_large":["https:\/\/www.automacao10.com.br\/blog\/wp-content\/uploads\/2024\/11\/Dispositivos-Antifurto-para-Feiras-e-Eventos-768x384.jpg",768,384,true],"large":["https:\/\/www.automacao10.com.br\/blog\/wp-content\/uploads\/2024\/11\/Dispositivos-Antifurto-para-Feiras-e-Eventos.jpg",800,400,false],"1536x1536":["https:\/\/www.automacao10.com.br\/blog\/wp-content\/uploads\/2024\/11\/Dispositivos-Antifurto-para-Feiras-e-Eventos.jpg",1024,512,false],"2048x2048":["https:\/\/www.automacao10.com.br\/blog\/wp-content\/uploads\/2024\/11\/Dispositivos-Antifurto-para-Feiras-e-Eventos.jpg",1024,512,false]},"uagb_author_info":{"display_name":"lumartec","author_link":"https:\/\/www.automacao10.com.br\/blog\/author\/lumartec\/"},"uagb_comment_info":0,"uagb_excerpt":"Display Antifurto Como deixar produtos em exposi\u00e7\u00e3o para que seus clientes e futuros clientes possam ter a experiencia de usabilidade antes da compra e ao mesmo tempo com seguran\u00e7a com rela\u00e7\u00e3o a furtos? Hoje em dia um problema recorrente e muito e em maior escala do que os roubos a m\u00e3o armada devido ao menor&hellip;","_links":{"self":[{"href":"https:\/\/www.automacao10.com.br\/blog\/wp-json\/wp\/v2\/pages\/1765"}],"collection":[{"href":"https:\/\/www.automacao10.com.br\/blog\/wp-json\/wp\/v2\/pages"}],"about":[{"href":"https:\/\/www.automacao10.com.br\/blog\/wp-json\/wp\/v2\/types\/page"}],"author":[{"embeddable":true,"href":"https:\/\/www.automacao10.com.br\/blog\/wp-json\/wp\/v2\/users\/1"}],"replies":[{"embeddable":true,"href":"https:\/\/www.automacao10.com.br\/blog\/wp-json\/wp\/v2\/comments?post=1765"}],"version-history":[{"count":88,"href":"https:\/\/www.automacao10.com.br\/blog\/wp-json\/wp\/v2\/pages\/1765\/revisions"}],"predecessor-version":[{"id":12446,"href":"https:\/\/www.automacao10.com.br\/blog\/wp-json\/wp\/v2\/pages\/1765\/revisions\/12446"}],"wp:featuredmedia":[{"embeddable":true,"href":"https:\/\/www.automacao10.com.br\/blog\/wp-json\/wp\/v2\/media\/12401"}],"wp:attachment":[{"href":"https:\/\/www.automacao10.com.br\/blog\/wp-json\/wp\/v2\/media?parent=1765"}],"curies":[{"name":"wp","href":"https:\/\/api.w.org\/{rel}","templated":true}]}}