{"id":1803,"date":"2019-05-21T20:10:21","date_gmt":"2019-05-21T20:10:21","guid":{"rendered":"https:\/\/www.automacao10.com.br\/blog\/?page_id=1803"},"modified":"2020-11-04T12:46:07","modified_gmt":"2020-11-04T12:46:07","slug":"cadeado-eletronico-para-tablet-e-ipad","status":"publish","type":"page","link":"https:\/\/www.automacao10.com.br\/blog\/cadeado-eletronico-para-tablet-e-ipad\/","title":{"rendered":"Cadeado Eletronico para Tablet e iPad"},"content":{"rendered":"\t\t<div data-elementor-type=\"wp-post\" data-elementor-id=\"1803\" class=\"elementor elementor-1803\" data-elementor-post-type=\"page\">\n\t\t\t\t\t\t<section class=\"elementor-section elementor-top-section elementor-element elementor-element-768a382 elementor-section-boxed elementor-section-height-default elementor-section-height-default\" data-id=\"768a382\" data-element_type=\"section\" data-e-type=\"section\">\n\t\t\t\t\t\t<div class=\"elementor-container elementor-column-gap-default\">\n\t\t\t\t\t<div class=\"elementor-column elementor-col-100 elementor-top-column elementor-element elementor-element-e47db61\" data-id=\"e47db61\" data-element_type=\"column\" data-e-type=\"column\">\n\t\t\t<div class=\"elementor-widget-wrap elementor-element-populated\">\n\t\t\t\t\t\t<div class=\"elementor-element elementor-element-87db3fa elementor-widget elementor-widget-image\" data-id=\"87db3fa\" data-element_type=\"widget\" data-e-type=\"widget\" data-widget_type=\"image.default\">\n\t\t\t\t<div class=\"elementor-widget-container\">\n\t\t\t\t\t\t\t\t\t\t\t\t\t\t\t<img fetchpriority=\"high\" decoding=\"async\" width=\"750\" height=\"425\" src=\"https:\/\/www.automacao10.com.br\/blog\/wp-content\/uploads\/2019\/05\/cadeado-eletronico-para-tablet.jpg\" class=\"attachment-large size-large wp-image-1805\" alt=\"\" srcset=\"https:\/\/www.automacao10.com.br\/blog\/wp-content\/uploads\/2019\/05\/cadeado-eletronico-para-tablet.jpg 750w, https:\/\/www.automacao10.com.br\/blog\/wp-content\/uploads\/2019\/05\/cadeado-eletronico-para-tablet-600x340.jpg 600w, https:\/\/www.automacao10.com.br\/blog\/wp-content\/uploads\/2019\/05\/cadeado-eletronico-para-tablet-300x170.jpg 300w, https:\/\/www.automacao10.com.br\/blog\/wp-content\/uploads\/2019\/05\/cadeado-eletronico-para-tablet-230x130.jpg 230w, https:\/\/www.automacao10.com.br\/blog\/wp-content\/uploads\/2019\/05\/cadeado-eletronico-para-tablet-350x198.jpg 350w, https:\/\/www.automacao10.com.br\/blog\/wp-content\/uploads\/2019\/05\/cadeado-eletronico-para-tablet-480x272.jpg 480w\" sizes=\"(max-width: 750px) 100vw, 750px\" \/>\t\t\t\t\t\t\t\t\t\t\t\t\t\t\t<\/div>\n\t\t\t\t<\/div>\n\t\t\t\t<div class=\"elementor-element elementor-element-639ee18 elementor-widget elementor-widget-text-editor\" data-id=\"639ee18\" data-element_type=\"widget\" data-e-type=\"widget\" data-widget_type=\"text-editor.default\">\n\t\t\t\t<div class=\"elementor-widget-container\">\n\t\t\t\t\t\t\t\t\t<p><span style=\"font-family: verdana, geneva, sans-serif; color: #808080;\">Hoje os cadeados eletr\u00f4nicos para seguran\u00e7a evitam e muito os furtos em lojas de eletr\u00f4nicos;<br \/>Nossos cadeados eletr\u00f4nicos para tablets e iPad al\u00e9m de garantir uma seguran\u00e7a efetiva e ativa para seus equipamentos tem o designer elegante deixando seus equipamentos livre para seus clientes terem um expedi\u00eancia com os mesmos.<\/span>\u00a0<\/p>\t\t\t\t\t\t\t\t<\/div>\n\t\t\t\t<\/div>\n\t\t\t\t<div class=\"elementor-element elementor-element-2395085 elementor-widget elementor-widget-heading\" data-id=\"2395085\" data-element_type=\"widget\" data-e-type=\"widget\" data-widget_type=\"heading.default\">\n\t\t\t\t<div class=\"elementor-widget-container\">\n\t\t\t\t\t<h3 class=\"elementor-heading-title elementor-size-large\">Cadeado Eletr\u00f4nico para Tablets e iPad<\/h3>\t\t\t\t<\/div>\n\t\t\t\t<\/div>\n\t\t\t\t<div class=\"elementor-element elementor-element-863dc2d elementor-widget elementor-widget-image\" data-id=\"863dc2d\" data-element_type=\"widget\" data-e-type=\"widget\" data-widget_type=\"image.default\">\n\t\t\t\t<div class=\"elementor-widget-container\">\n\t\t\t\t\t\t\t\t\t\t\t\t\t\t\t\t<a href=\"https:\/\/www.automacao10.com.br\/expositores-antifurto\/\" target=\"_blank\">\n\t\t\t\t\t\t\t<img decoding=\"async\" width=\"300\" height=\"194\" src=\"https:\/\/www.automacao10.com.br\/blog\/wp-content\/uploads\/2020\/11\/cadeado-eletronico-ipad-e-tablet-com-alarme-ST1080-300x194.jpg\" class=\"attachment-medium size-medium wp-image-3838\" alt=\"\" srcset=\"https:\/\/www.automacao10.com.br\/blog\/wp-content\/uploads\/2020\/11\/cadeado-eletronico-ipad-e-tablet-com-alarme-ST1080-300x194.jpg 300w, https:\/\/www.automacao10.com.br\/blog\/wp-content\/uploads\/2020\/11\/cadeado-eletronico-ipad-e-tablet-com-alarme-ST1080.jpg 600w\" sizes=\"(max-width: 300px) 100vw, 300px\" \/>\t\t\t\t\t\t\t\t<\/a>\n\t\t\t\t\t\t\t\t\t\t\t\t\t\t\t<\/div>\n\t\t\t\t<\/div>\n\t\t\t\t<div class=\"elementor-element elementor-element-c3399ec elementor-widget elementor-widget-text-editor\" data-id=\"c3399ec\" data-element_type=\"widget\" data-e-type=\"widget\" data-widget_type=\"text-editor.default\">\n\t\t\t\t<div class=\"elementor-widget-container\">\n\t\t\t\t\t\t\t\t\t<p><span style=\"font-family: verdana, geneva, sans-serif; color: #808080;\">Nosso modelo de cadeado eletr\u00f4nico modelo 15936 para tablets e iPad, sistema com alarme sonoro e visual e ainda mantem seu equipamento em carga usando nosso cadeado sem precisar do seu carregador.<br \/>Deixando aparente somente um cabo mola do nosso equipamento.<br \/>E melhor ainda s\u00f3 dispara em tentativa efetiva de furtos, ou seja n\u00e3o fica disparando a toa como alguns cadeados de baixa qualidade.<\/span><\/p><p>\u00a0<\/p>\t\t\t\t\t\t\t\t<\/div>\n\t\t\t\t<\/div>\n\t\t\t\t<div class=\"elementor-element elementor-element-1b7e7ad elementor-widget elementor-widget-heading\" data-id=\"1b7e7ad\" data-element_type=\"widget\" data-e-type=\"widget\" data-widget_type=\"heading.default\">\n\t\t\t\t<div class=\"elementor-widget-container\">\n\t\t\t\t\t<h3 class=\"elementor-heading-title elementor-size-default\">Cadeado Eletr\u00f4nico Antifurto<\/h3>\t\t\t\t<\/div>\n\t\t\t\t<\/div>\n\t\t\t\t<div class=\"elementor-element elementor-element-3318454 elementor-widget elementor-widget-image\" data-id=\"3318454\" data-element_type=\"widget\" data-e-type=\"widget\" data-widget_type=\"image.default\">\n\t\t\t\t<div class=\"elementor-widget-container\">\n\t\t\t\t\t\t\t\t\t\t\t\t\t\t\t<img decoding=\"async\" width=\"750\" height=\"425\" src=\"https:\/\/www.automacao10.com.br\/blog\/wp-content\/uploads\/2019\/05\/cadeado-eletronico-ipad.jpg\" class=\"attachment-large size-large wp-image-1818\" alt=\"\" srcset=\"https:\/\/www.automacao10.com.br\/blog\/wp-content\/uploads\/2019\/05\/cadeado-eletronico-ipad.jpg 750w, https:\/\/www.automacao10.com.br\/blog\/wp-content\/uploads\/2019\/05\/cadeado-eletronico-ipad-600x340.jpg 600w, https:\/\/www.automacao10.com.br\/blog\/wp-content\/uploads\/2019\/05\/cadeado-eletronico-ipad-300x170.jpg 300w, https:\/\/www.automacao10.com.br\/blog\/wp-content\/uploads\/2019\/05\/cadeado-eletronico-ipad-230x130.jpg 230w, https:\/\/www.automacao10.com.br\/blog\/wp-content\/uploads\/2019\/05\/cadeado-eletronico-ipad-350x198.jpg 350w, https:\/\/www.automacao10.com.br\/blog\/wp-content\/uploads\/2019\/05\/cadeado-eletronico-ipad-480x272.jpg 480w\" sizes=\"(max-width: 750px) 100vw, 750px\" \/>\t\t\t\t\t\t\t\t\t\t\t\t\t\t\t<\/div>\n\t\t\t\t<\/div>\n\t\t\t\t<div class=\"elementor-element elementor-element-7da87f3 elementor-widget elementor-widget-text-editor\" data-id=\"7da87f3\" data-element_type=\"widget\" data-e-type=\"widget\" data-widget_type=\"text-editor.default\">\n\t\t\t\t<div class=\"elementor-widget-container\">\n\t\t\t\t\t\t\t\t\t<p><span style=\"font-family: verdana, geneva, sans-serif; color: #808080;\">Evite furtos e aumente seus lucros com nossas solu\u00e7\u00f5es em cadeados eletr\u00f4nicos temos o melhor custo beneficio do mercado nacional fa\u00e7a um or\u00e7amento temos certeza que poderemos\u00a0 lhe atender.<\/span><br \/><span style=\"font-family: verdana, geneva, sans-serif; color: #808080;\">Clique no bot\u00e3o abaixo.<\/span><\/p>\t\t\t\t\t\t\t\t<\/div>\n\t\t\t\t<\/div>\n\t\t\t\t<div class=\"elementor-element elementor-element-c2e29ad elementor-widget elementor-widget-button\" data-id=\"c2e29ad\" data-element_type=\"widget\" data-e-type=\"widget\" data-widget_type=\"button.default\">\n\t\t\t\t<div class=\"elementor-widget-container\">\n\t\t\t\t\t\t\t\t\t<div class=\"elementor-button-wrapper\">\n\t\t\t\t\t<a class=\"elementor-button elementor-button-link elementor-size-md\" href=\"https:\/\/www.automacao10.com.br\/blog\/contato\/\">\n\t\t\t\t\t\t<span class=\"elementor-button-content-wrapper\">\n\t\t\t\t\t\t\t\t\t<span class=\"elementor-button-text\">Fale Conocos<\/span>\n\t\t\t\t\t<\/span>\n\t\t\t\t\t<\/a>\n\t\t\t\t<\/div>\n\t\t\t\t\t\t\t\t<\/div>\n\t\t\t\t<\/div>\n\t\t\t\t\t<\/div>\n\t\t<\/div>\n\t\t\t\t\t<\/div>\n\t\t<\/section>\n\t\t\t\t<\/div>\n\t\t","protected":false},"excerpt":{"rendered":"<p>Hoje os cadeados eletr\u00f4nicos para seguran\u00e7a evitam e muito os furtos em lojas de eletr\u00f4nicos;Nossos cadeados eletr\u00f4nicos para tablets e iPad al\u00e9m de garantir uma seguran\u00e7a efetiva e ativa para seus equipamentos tem o designer elegante deixando seus equipamentos livre para seus clientes terem um expedi\u00eancia com os mesmos.\u00a0 Cadeado Eletr\u00f4nico para Tablets e iPad [&hellip;]<\/p>\n","protected":false},"author":1,"featured_media":0,"parent":0,"menu_order":0,"comment_status":"closed","ping_status":"closed","template":"","meta":{"_uag_custom_page_level_css":"","footnotes":""},"class_list":["post-1803","page","type-page","status-publish","hentry"],"uagb_featured_image_src":{"full":false,"thumbnail":false,"medium":false,"medium_large":false,"large":false,"1536x1536":false,"2048x2048":false},"uagb_author_info":{"display_name":"lumartec","author_link":"https:\/\/www.automacao10.com.br\/blog\/author\/lumartec\/"},"uagb_comment_info":0,"uagb_excerpt":"Hoje os cadeados eletr\u00f4nicos para seguran\u00e7a evitam e muito os furtos em lojas de eletr\u00f4nicos;Nossos cadeados eletr\u00f4nicos para tablets e iPad al\u00e9m de garantir uma seguran\u00e7a efetiva e ativa para seus equipamentos tem o designer elegante deixando seus equipamentos livre para seus clientes terem um expedi\u00eancia com os mesmos.\u00a0 Cadeado Eletr\u00f4nico para Tablets e iPad&hellip;","_links":{"self":[{"href":"https:\/\/www.automacao10.com.br\/blog\/wp-json\/wp\/v2\/pages\/1803"}],"collection":[{"href":"https:\/\/www.automacao10.com.br\/blog\/wp-json\/wp\/v2\/pages"}],"about":[{"href":"https:\/\/www.automacao10.com.br\/blog\/wp-json\/wp\/v2\/types\/page"}],"author":[{"embeddable":true,"href":"https:\/\/www.automacao10.com.br\/blog\/wp-json\/wp\/v2\/users\/1"}],"replies":[{"embeddable":true,"href":"https:\/\/www.automacao10.com.br\/blog\/wp-json\/wp\/v2\/comments?post=1803"}],"version-history":[{"count":22,"href":"https:\/\/www.automacao10.com.br\/blog\/wp-json\/wp\/v2\/pages\/1803\/revisions"}],"predecessor-version":[{"id":3841,"href":"https:\/\/www.automacao10.com.br\/blog\/wp-json\/wp\/v2\/pages\/1803\/revisions\/3841"}],"wp:attachment":[{"href":"https:\/\/www.automacao10.com.br\/blog\/wp-json\/wp\/v2\/media?parent=1803"}],"curies":[{"name":"wp","href":"https:\/\/api.w.org\/{rel}","templated":true}]}}