{"id":6616,"date":"2022-07-04T12:53:07","date_gmt":"2022-07-04T12:53:07","guid":{"rendered":"https:\/\/www.automacao10.com.br\/blog\/?page_id=6616"},"modified":"2022-07-04T13:40:27","modified_gmt":"2022-07-04T13:40:27","slug":"infinitepay-maquininha","status":"publish","type":"page","link":"https:\/\/www.automacao10.com.br\/blog\/infinitepay-maquininha\/","title":{"rendered":"Infinitepay-Maquininha"},"content":{"rendered":"\t\t<div data-elementor-type=\"wp-page\" data-elementor-id=\"6616\" class=\"elementor elementor-6616\" data-elementor-post-type=\"page\">\n\t\t\t\t\t\t<section class=\"elementor-section elementor-top-section elementor-element elementor-element-b50f3a8 elementor-section-boxed elementor-section-height-default elementor-section-height-default\" data-id=\"b50f3a8\" data-element_type=\"section\" data-e-type=\"section\">\n\t\t\t\t\t\t<div class=\"elementor-container elementor-column-gap-default\">\n\t\t\t\t\t<div class=\"elementor-column elementor-col-100 elementor-top-column elementor-element elementor-element-fc1b942\" data-id=\"fc1b942\" data-element_type=\"column\" data-e-type=\"column\">\n\t\t\t<div class=\"elementor-widget-wrap elementor-element-populated\">\n\t\t\t\t\t\t<div class=\"elementor-element elementor-element-c54b4b1 elementor-widget elementor-widget-image\" data-id=\"c54b4b1\" data-element_type=\"widget\" data-e-type=\"widget\" data-widget_type=\"image.default\">\n\t\t\t\t<div class=\"elementor-widget-container\">\n\t\t\t\t\t\t\t\t\t\t\t\t\t\t\t\t<a href=\"https:\/\/www.infinitepay.io\/l\/2ca1e1\" target=\"_blank\" rel=\"noopener\">\n\t\t\t\t\t\t\t<img fetchpriority=\"high\" decoding=\"async\" width=\"800\" height=\"354\" src=\"https:\/\/www.automacao10.com.br\/blog\/wp-content\/uploads\/2022\/07\/infinitepay-infiniteblack-1.jpg\" class=\"attachment-large size-large wp-image-6618\" alt=\"\" srcset=\"https:\/\/www.automacao10.com.br\/blog\/wp-content\/uploads\/2022\/07\/infinitepay-infiniteblack-1.jpg 984w, https:\/\/www.automacao10.com.br\/blog\/wp-content\/uploads\/2022\/07\/infinitepay-infiniteblack-1-300x133.jpg 300w, https:\/\/www.automacao10.com.br\/blog\/wp-content\/uploads\/2022\/07\/infinitepay-infiniteblack-1-768x340.jpg 768w, https:\/\/www.automacao10.com.br\/blog\/wp-content\/uploads\/2022\/07\/infinitepay-infiniteblack-1-600x266.jpg 600w\" sizes=\"(max-width: 800px) 100vw, 800px\" \/>\t\t\t\t\t\t\t\t<\/a>\n\t\t\t\t\t\t\t\t\t\t\t\t\t\t\t<\/div>\n\t\t\t\t<\/div>\n\t\t\t\t<div class=\"elementor-element elementor-element-504c2f4 elementor-widget elementor-widget-heading\" data-id=\"504c2f4\" data-element_type=\"widget\" data-e-type=\"widget\" data-widget_type=\"heading.default\">\n\t\t\t\t<div class=\"elementor-widget-container\">\n\t\t\t\t\t<h2 class=\"elementor-heading-title elementor-size-large\">PARCELE EM 12X SEM SOFRER E VENDA ONDE\nVOC\u00ca QUISER COM O COMBO INFINITEPAY\nMAQUININHA ANDROID +PIX COM TAXA ZERO +LINK DE PAGAMENTO<\/h2>\t\t\t\t<\/div>\n\t\t\t\t<\/div>\n\t\t\t\t<div class=\"elementor-element elementor-element-705b1c6 elementor-widget elementor-widget-heading\" data-id=\"705b1c6\" data-element_type=\"widget\" data-e-type=\"widget\" data-widget_type=\"heading.default\">\n\t\t\t\t<div class=\"elementor-widget-container\">\n\t\t\t\t\t<h2 class=\"elementor-heading-title elementor-size-default\">1. InfiniteBlack Smart<\/h2>\t\t\t\t<\/div>\n\t\t\t\t<\/div>\n\t\t\t\t<section class=\"elementor-section elementor-inner-section elementor-element elementor-element-42ba5b4 elementor-section-boxed elementor-section-height-default elementor-section-height-default\" data-id=\"42ba5b4\" data-element_type=\"section\" data-e-type=\"section\">\n\t\t\t\t\t\t<div class=\"elementor-container elementor-column-gap-default\">\n\t\t\t\t\t<div class=\"elementor-column elementor-col-50 elementor-inner-column elementor-element elementor-element-18f60c0\" data-id=\"18f60c0\" data-element_type=\"column\" data-e-type=\"column\">\n\t\t\t<div class=\"elementor-widget-wrap elementor-element-populated\">\n\t\t\t\t\t\t<div class=\"elementor-element elementor-element-76eb2b5 elementor-widget elementor-widget-image\" data-id=\"76eb2b5\" data-element_type=\"widget\" data-e-type=\"widget\" data-widget_type=\"image.default\">\n\t\t\t\t<div class=\"elementor-widget-container\">\n\t\t\t\t\t\t\t\t\t\t\t\t\t\t\t\t<a href=\"https:\/\/www.infinitepay.io\/l\/2ca1e1\" target=\"_blank\" rel=\"noopener\">\n\t\t\t\t\t\t\t<img decoding=\"async\" width=\"800\" height=\"743\" src=\"https:\/\/www.automacao10.com.br\/blog\/wp-content\/uploads\/2022\/07\/block1-aefab8f9516900b2f30ec0e5d13e794f.webp\" class=\"attachment-large size-large wp-image-6628\" alt=\"\" srcset=\"https:\/\/www.automacao10.com.br\/blog\/wp-content\/uploads\/2022\/07\/block1-aefab8f9516900b2f30ec0e5d13e794f.webp 847w, https:\/\/www.automacao10.com.br\/blog\/wp-content\/uploads\/2022\/07\/block1-aefab8f9516900b2f30ec0e5d13e794f-300x279.webp 300w, https:\/\/www.automacao10.com.br\/blog\/wp-content\/uploads\/2022\/07\/block1-aefab8f9516900b2f30ec0e5d13e794f-768x714.webp 768w, https:\/\/www.automacao10.com.br\/blog\/wp-content\/uploads\/2022\/07\/block1-aefab8f9516900b2f30ec0e5d13e794f-600x557.webp 600w\" sizes=\"(max-width: 800px) 100vw, 800px\" \/>\t\t\t\t\t\t\t\t<\/a>\n\t\t\t\t\t\t\t\t\t\t\t\t\t\t\t<\/div>\n\t\t\t\t<\/div>\n\t\t\t\t\t<\/div>\n\t\t<\/div>\n\t\t\t\t<div class=\"elementor-column elementor-col-50 elementor-inner-column elementor-element elementor-element-a04227f\" data-id=\"a04227f\" data-element_type=\"column\" data-e-type=\"column\">\n\t\t\t<div class=\"elementor-widget-wrap elementor-element-populated\">\n\t\t\t\t\t\t<div class=\"elementor-element elementor-element-821fa6d elementor-widget elementor-widget-text-editor\" data-id=\"821fa6d\" data-element_type=\"widget\" data-e-type=\"widget\" data-widget_type=\"text-editor.default\">\n\t\t\t\t<div class=\"elementor-widget-container\">\n\t\t\t\t\t\t\t\t\t<p><span style=\"font-family: verdana, geneva, sans-serif; color: #333333; font-size: 14pt;\">A maquininha Android mais moderna do mercado com as melhores taxas do Brasil. Ou seja, tudo que voc\u00ea precisa para fechar neg\u00f3cios sem perda de tempo e fazer sua empresa decolar.<\/span><\/p>\t\t\t\t\t\t\t\t<\/div>\n\t\t\t\t<\/div>\n\t\t\t\t<div class=\"elementor-element elementor-element-9871165 elementor-widget elementor-widget-text-editor\" data-id=\"9871165\" data-element_type=\"widget\" data-e-type=\"widget\" data-widget_type=\"text-editor.default\">\n\t\t\t\t<div class=\"elementor-widget-container\">\n\t\t\t\t\t\t\t\t\t<ul class=\"sc-4we03f-7 eYhxkj\"><li class=\"sc-4we03f-8 eJKsxr android\"><span style=\"font-family: verdana, geneva, sans-serif; color: #333333; font-size: 14pt;\">Alta performance (Android)<\/span><\/li><li class=\"sc-4we03f-8 eJKsxr wifi\"><figure class=\" ipa-icon ipa-icon-vector css-fius1b ip-wifi-vector\" aria-hidden=\"true\"><\/figure><p><span style=\"font-family: verdana, geneva, sans-serif; color: #333333; font-size: 14pt;\">Wi-fi r\u00e1pida<\/span><\/p><\/li><li class=\"sc-4we03f-8 eJKsxr productsnetwork\"><figure class=\" ipa-icon ipa-icon-vector css-fius1b ip-productsnetwork-vector\" aria-hidden=\"true\"><\/figure><p><span style=\"font-family: verdana, geneva, sans-serif; color: #333333; font-size: 14pt;\">Link de pagamento gr\u00e1tis<\/span><\/p><\/li><li class=\"sc-4we03f-8 eJKsxr receipt\"><figure class=\" ipa-icon ipa-icon-vector css-fius1b ip-receipt-vector\" aria-hidden=\"true\"><\/figure><p><span style=\"font-family: verdana, geneva, sans-serif; color: #333333; font-size: 14pt;\">Impressora<\/span><\/p><\/li><li class=\"sc-4we03f-8 eJKsxr flash\"><figure class=\" ipa-icon ipa-icon-vector css-fius1b ip-flash-vector\" aria-hidden=\"true\"><\/figure><p><span style=\"font-family: verdana, geneva, sans-serif; color: #333333; font-size: 14pt;\">12h de bateria<\/span><\/p><\/li><li class=\"sc-4we03f-8 eJKsxr openbook\"><figure class=\" ipa-icon ipa-icon-vector css-fius1b ip-openbook-vector\" aria-hidden=\"true\"><\/figure><p><span style=\"font-family: verdana, geneva, sans-serif; color: #333333; font-size: 14pt;\">1 ano de garantia<\/span><\/p><\/li><li class=\"sc-4we03f-8 eJKsxr signalcellular\"><figure class=\" ipa-icon ipa-icon-vector css-fius1b ip-signalcellular-vector\" aria-hidden=\"true\"><\/figure><p><span style=\"font-family: verdana, geneva, sans-serif; color: #333333; font-size: 14pt;\">Chip multioperadora 3G<\/span><\/p><\/li><li class=\"sc-4we03f-8 eJKsxr nfc\"><figure class=\" ipa-icon ipa-icon-vector css-fius1b ip-nfc-vector\" aria-hidden=\"true\"><\/figure><p><span style=\"font-family: verdana, geneva, sans-serif; color: #333333; font-size: 14pt;\">NFC + Tela touch<\/span><\/p><\/li><li class=\"sc-4we03f-8 eJKsxr dollarsign\"><figure class=\" ipa-icon ipa-icon-vector css-fius1b ip-dollarsign-vector\" aria-hidden=\"true\"><\/figure><p><span style=\"font-family: verdana, geneva, sans-serif; color: #333333; font-size: 14pt;\">Empr\u00e9stimo Inteligente<\/span><\/p><\/li><\/ul>\t\t\t\t\t\t\t\t<\/div>\n\t\t\t\t<\/div>\n\t\t\t\t\t<\/div>\n\t\t<\/div>\n\t\t\t\t\t<\/div>\n\t\t<\/section>\n\t\t\t\t<section class=\"elementor-section elementor-inner-section elementor-element elementor-element-e96a4dd elementor-section-boxed elementor-section-height-default elementor-section-height-default\" data-id=\"e96a4dd\" data-element_type=\"section\" data-e-type=\"section\">\n\t\t\t\t\t\t<div class=\"elementor-container elementor-column-gap-default\">\n\t\t\t\t\t<div class=\"elementor-column elementor-col-50 elementor-inner-column elementor-element elementor-element-fedb40b\" data-id=\"fedb40b\" data-element_type=\"column\" data-e-type=\"column\">\n\t\t\t<div class=\"elementor-widget-wrap elementor-element-populated\">\n\t\t\t\t\t\t<div class=\"elementor-element elementor-element-a0fa184 elementor-widget elementor-widget-heading\" data-id=\"a0fa184\" data-element_type=\"widget\" data-e-type=\"widget\" data-widget_type=\"heading.default\">\n\t\t\t\t<div class=\"elementor-widget-container\">\n\t\t\t\t\t<h2 class=\"elementor-heading-title elementor-size-large\">2. PIX com taxa zero<\/h2>\t\t\t\t<\/div>\n\t\t\t\t<\/div>\n\t\t\t\t<div class=\"elementor-element elementor-element-119ffe5 elementor-widget elementor-widget-image\" data-id=\"119ffe5\" data-element_type=\"widget\" data-e-type=\"widget\" data-widget_type=\"image.default\">\n\t\t\t\t<div class=\"elementor-widget-container\">\n\t\t\t\t\t\t\t\t\t\t\t\t\t\t\t\t<a href=\"https:\/\/www.infinitepay.io\/l\/2ca1e1\" target=\"_blank\" rel=\"noopener\">\n\t\t\t\t\t\t\t<img decoding=\"async\" width=\"690\" height=\"692\" src=\"https:\/\/www.automacao10.com.br\/blog\/wp-content\/uploads\/2022\/07\/maquininha-infinitepay.jpg\" class=\"attachment-large size-large wp-image-6648\" alt=\"\" srcset=\"https:\/\/www.automacao10.com.br\/blog\/wp-content\/uploads\/2022\/07\/maquininha-infinitepay.jpg 690w, https:\/\/www.automacao10.com.br\/blog\/wp-content\/uploads\/2022\/07\/maquininha-infinitepay-300x300.jpg 300w, https:\/\/www.automacao10.com.br\/blog\/wp-content\/uploads\/2022\/07\/maquininha-infinitepay-150x150.jpg 150w, https:\/\/www.automacao10.com.br\/blog\/wp-content\/uploads\/2022\/07\/maquininha-infinitepay-600x602.jpg 600w, https:\/\/www.automacao10.com.br\/blog\/wp-content\/uploads\/2022\/07\/maquininha-infinitepay-100x100.jpg 100w\" sizes=\"(max-width: 690px) 100vw, 690px\" \/>\t\t\t\t\t\t\t\t<\/a>\n\t\t\t\t\t\t\t\t\t\t\t\t\t\t\t<\/div>\n\t\t\t\t<\/div>\n\t\t\t\t\t<\/div>\n\t\t<\/div>\n\t\t\t\t<div class=\"elementor-column elementor-col-50 elementor-inner-column elementor-element elementor-element-c8e997b\" data-id=\"c8e997b\" data-element_type=\"column\" data-e-type=\"column\">\n\t\t\t<div class=\"elementor-widget-wrap elementor-element-populated\">\n\t\t\t\t\t\t<div class=\"elementor-element elementor-element-58e55ab elementor-widget elementor-widget-text-editor\" data-id=\"58e55ab\" data-element_type=\"widget\" data-e-type=\"widget\" data-widget_type=\"text-editor.default\">\n\t\t\t\t<div class=\"elementor-widget-container\">\n\t\t\t\t\t\t\t\t\t<p><span style=\"font-family: verdana, geneva, sans-serif; color: #333333; font-size: 18pt;\">Voc\u00ea n\u00e3o leu errado. Seja na maquininha ou pelo APP, voc\u00ea n\u00e3o paga nada a mais para vender por PIX na InfinitePay. \u00c9 isso mesmo: vendeu, \u00e9 tudo seu!<\/span><\/p>\t\t\t\t\t\t\t\t<\/div>\n\t\t\t\t<\/div>\n\t\t\t\t\t<\/div>\n\t\t<\/div>\n\t\t\t\t\t<\/div>\n\t\t<\/section>\n\t\t\t\t<section class=\"elementor-section elementor-inner-section elementor-element elementor-element-96358e0 elementor-section-boxed elementor-section-height-default elementor-section-height-default\" data-id=\"96358e0\" data-element_type=\"section\" data-e-type=\"section\">\n\t\t\t\t\t\t<div class=\"elementor-container elementor-column-gap-default\">\n\t\t\t\t\t<div class=\"elementor-column elementor-col-50 elementor-inner-column elementor-element elementor-element-ed9a0f9\" data-id=\"ed9a0f9\" data-element_type=\"column\" data-e-type=\"column\">\n\t\t\t<div class=\"elementor-widget-wrap elementor-element-populated\">\n\t\t\t\t\t\t<div class=\"elementor-element elementor-element-9262329 elementor-widget elementor-widget-heading\" data-id=\"9262329\" data-element_type=\"widget\" data-e-type=\"widget\" data-widget_type=\"heading.default\">\n\t\t\t\t<div class=\"elementor-widget-container\">\n\t\t\t\t\t<h2 class=\"elementor-heading-title elementor-size-large\">3. Venda sem maquininha\ncom o Link de pagamento<\/h2>\t\t\t\t<\/div>\n\t\t\t\t<\/div>\n\t\t\t\t<div class=\"elementor-element elementor-element-6a4bc0c elementor-widget elementor-widget-image\" data-id=\"6a4bc0c\" data-element_type=\"widget\" data-e-type=\"widget\" data-widget_type=\"image.default\">\n\t\t\t\t<div class=\"elementor-widget-container\">\n\t\t\t\t\t\t\t\t\t\t\t\t\t\t\t\t<a href=\"https:\/\/www.infinitepay.io\/l\/2ca1e1\" target=\"_blank\" rel=\"noopener\">\n\t\t\t\t\t\t\t<img loading=\"lazy\" decoding=\"async\" width=\"694\" height=\"664\" src=\"https:\/\/www.automacao10.com.br\/blog\/wp-content\/uploads\/2022\/07\/infinitepay-A10.jpg\" class=\"attachment-large size-large wp-image-6667\" alt=\"\" srcset=\"https:\/\/www.automacao10.com.br\/blog\/wp-content\/uploads\/2022\/07\/infinitepay-A10.jpg 694w, https:\/\/www.automacao10.com.br\/blog\/wp-content\/uploads\/2022\/07\/infinitepay-A10-300x287.jpg 300w, https:\/\/www.automacao10.com.br\/blog\/wp-content\/uploads\/2022\/07\/infinitepay-A10-600x574.jpg 600w\" sizes=\"(max-width: 694px) 100vw, 694px\" \/>\t\t\t\t\t\t\t\t<\/a>\n\t\t\t\t\t\t\t\t\t\t\t\t\t\t\t<\/div>\n\t\t\t\t<\/div>\n\t\t\t\t\t<\/div>\n\t\t<\/div>\n\t\t\t\t<div class=\"elementor-column elementor-col-50 elementor-inner-column elementor-element elementor-element-ae97b3a\" data-id=\"ae97b3a\" data-element_type=\"column\" data-e-type=\"column\">\n\t\t\t<div class=\"elementor-widget-wrap elementor-element-populated\">\n\t\t\t\t\t\t<div class=\"elementor-element elementor-element-abbbfba elementor-widget elementor-widget-text-editor\" data-id=\"abbbfba\" data-element_type=\"widget\" data-e-type=\"widget\" data-widget_type=\"text-editor.default\">\n\t\t\t\t<div class=\"elementor-widget-container\">\n\t\t\t\t\t\t\t\t\t<p><span style=\"font-family: verdana, geneva, sans-serif; color: #333333; font-size: 14pt;\">Voc\u00ea n\u00e3o precisa de maquininha para receber pagamentos e ainda gerencia suas vendas, compara taxas, acompanha seu pedido e tira d\u00favidas pelo chat.<\/span><\/p><p><span style=\"font-family: verdana, geneva, sans-serif; color: #333333; font-size: 14pt;\">Use o\u00a0<strong>Link de pagamento para fazer neg\u00f3cios nas redes sociais ou pelo Whatsapp<\/strong>\u00a0e lucrar muito mais.<\/span><\/p>\t\t\t\t\t\t\t\t<\/div>\n\t\t\t\t<\/div>\n\t\t\t\t<div class=\"elementor-element elementor-element-829c18d elementor-widget elementor-widget-text-editor\" data-id=\"829c18d\" data-element_type=\"widget\" data-e-type=\"widget\" data-widget_type=\"text-editor.default\">\n\t\t\t\t<div class=\"elementor-widget-container\">\n\t\t\t\t\t\t\t\t\t<p><span style=\"font-family: verdana, geneva, sans-serif; font-size: 14pt; color: #000000;\">Obs:&#8221; A Lumar Tecnologia \u00e9 um parceiro somente\u00a0 de indica\u00e7\u00e3o da Infinitepay, portanto suporte ou demais d\u00favidas t\u00e9cnicas somente com a Infinitepay&#8221;<\/span><\/p>\t\t\t\t\t\t\t\t<\/div>\n\t\t\t\t<\/div>\n\t\t\t\t\t<\/div>\n\t\t<\/div>\n\t\t\t\t\t<\/div>\n\t\t<\/section>\n\t\t\t\t<div class=\"elementor-element elementor-element-12790df elementor-align-justify elementor-widget elementor-widget-button\" data-id=\"12790df\" data-element_type=\"widget\" data-e-type=\"widget\" data-widget_type=\"button.default\">\n\t\t\t\t<div class=\"elementor-widget-container\">\n\t\t\t\t\t\t\t\t\t<div class=\"elementor-button-wrapper\">\n\t\t\t\t\t<a class=\"elementor-button elementor-button-link elementor-size-xl\" href=\"https:\/\/www.infinitepay.io\/l\/2ca1e1\" target=\"_blank\" rel=\"noopener\">\n\t\t\t\t\t\t<span class=\"elementor-button-content-wrapper\">\n\t\t\t\t\t\t\t\t\t<span class=\"elementor-button-text\">Quero o meu combo agora<\/span>\n\t\t\t\t\t<\/span>\n\t\t\t\t\t<\/a>\n\t\t\t\t<\/div>\n\t\t\t\t\t\t\t\t<\/div>\n\t\t\t\t<\/div>\n\t\t\t\t\t<\/div>\n\t\t<\/div>\n\t\t\t\t\t<\/div>\n\t\t<\/section>\n\t\t\t\t<\/div>\n\t\t","protected":false},"excerpt":{"rendered":"<p>PARCELE EM 12X SEM SOFRER E VENDA ONDE VOC\u00ca QUISER COM O COMBO INFINITEPAY MAQUININHA ANDROID +PIX COM TAXA ZERO +LINK DE PAGAMENTO 1. InfiniteBlack Smart A maquininha Android mais moderna do mercado com as melhores taxas do Brasil. Ou seja, tudo que voc\u00ea precisa para fechar neg\u00f3cios sem perda de tempo e fazer sua [&hellip;]<\/p>\n","protected":false},"author":1,"featured_media":0,"parent":0,"menu_order":0,"comment_status":"closed","ping_status":"closed","template":"","meta":{"_uag_custom_page_level_css":"","footnotes":""},"class_list":["post-6616","page","type-page","status-publish","hentry"],"uagb_featured_image_src":{"full":false,"thumbnail":false,"medium":false,"medium_large":false,"large":false,"1536x1536":false,"2048x2048":false},"uagb_author_info":{"display_name":"lumartec","author_link":"https:\/\/www.automacao10.com.br\/blog\/author\/lumartec\/"},"uagb_comment_info":0,"uagb_excerpt":"PARCELE EM 12X SEM SOFRER E VENDA ONDE VOC\u00ca QUISER COM O COMBO INFINITEPAY MAQUININHA ANDROID +PIX COM TAXA ZERO +LINK DE PAGAMENTO 1. InfiniteBlack Smart A maquininha Android mais moderna do mercado com as melhores taxas do Brasil. Ou seja, tudo que voc\u00ea precisa para fechar neg\u00f3cios sem perda de tempo e fazer sua&hellip;","_links":{"self":[{"href":"https:\/\/www.automacao10.com.br\/blog\/wp-json\/wp\/v2\/pages\/6616"}],"collection":[{"href":"https:\/\/www.automacao10.com.br\/blog\/wp-json\/wp\/v2\/pages"}],"about":[{"href":"https:\/\/www.automacao10.com.br\/blog\/wp-json\/wp\/v2\/types\/page"}],"author":[{"embeddable":true,"href":"https:\/\/www.automacao10.com.br\/blog\/wp-json\/wp\/v2\/users\/1"}],"replies":[{"embeddable":true,"href":"https:\/\/www.automacao10.com.br\/blog\/wp-json\/wp\/v2\/comments?post=6616"}],"version-history":[{"count":67,"href":"https:\/\/www.automacao10.com.br\/blog\/wp-json\/wp\/v2\/pages\/6616\/revisions"}],"predecessor-version":[{"id":6688,"href":"https:\/\/www.automacao10.com.br\/blog\/wp-json\/wp\/v2\/pages\/6616\/revisions\/6688"}],"wp:attachment":[{"href":"https:\/\/www.automacao10.com.br\/blog\/wp-json\/wp\/v2\/media?parent=6616"}],"curies":[{"name":"wp","href":"https:\/\/api.w.org\/{rel}","templated":true}]}}