{"id":8752,"date":"2022-09-20T16:42:05","date_gmt":"2022-09-20T16:42:05","guid":{"rendered":"https:\/\/www.automacao10.com.br\/blog\/?page_id=8752"},"modified":"2022-09-20T18:58:00","modified_gmt":"2022-09-20T18:58:00","slug":"suporte-tablet-industrial-robusto","status":"publish","type":"page","link":"https:\/\/www.automacao10.com.br\/blog\/suporte-tablet-industrial-robusto\/","title":{"rendered":"Suporte tablet-industrial-robusto"},"content":{"rendered":"\t\t<div data-elementor-type=\"wp-page\" data-elementor-id=\"8752\" class=\"elementor elementor-8752\" data-elementor-post-type=\"page\">\n\t\t\t\t\t\t<section class=\"elementor-section elementor-top-section elementor-element elementor-element-836f4fa elementor-section-boxed elementor-section-height-default elementor-section-height-default\" data-id=\"836f4fa\" data-element_type=\"section\" data-e-type=\"section\">\n\t\t\t\t\t\t<div class=\"elementor-container elementor-column-gap-default\">\n\t\t\t\t\t<div class=\"elementor-column elementor-col-100 elementor-top-column elementor-element elementor-element-5f91280\" data-id=\"5f91280\" data-element_type=\"column\" data-e-type=\"column\">\n\t\t\t<div class=\"elementor-widget-wrap elementor-element-populated\">\n\t\t\t\t\t\t<div class=\"elementor-element elementor-element-e810a5d elementor-widget elementor-widget-image\" data-id=\"e810a5d\" data-element_type=\"widget\" data-e-type=\"widget\" data-widget_type=\"image.default\">\n\t\t\t\t<div class=\"elementor-widget-container\">\n\t\t\t\t\t\t\t\t\t\t\t\t\t\t\t<img fetchpriority=\"high\" decoding=\"async\" width=\"800\" height=\"451\" src=\"https:\/\/www.automacao10.com.br\/blog\/wp-content\/uploads\/2022\/09\/Suporte-tablet-industrial-robusto-banner-1024x577.jpg\" class=\"attachment-large size-large wp-image-8754\" alt=\"\" srcset=\"https:\/\/www.automacao10.com.br\/blog\/wp-content\/uploads\/2022\/09\/Suporte-tablet-industrial-robusto-banner-1024x577.jpg 1024w, https:\/\/www.automacao10.com.br\/blog\/wp-content\/uploads\/2022\/09\/Suporte-tablet-industrial-robusto-banner-300x169.jpg 300w, https:\/\/www.automacao10.com.br\/blog\/wp-content\/uploads\/2022\/09\/Suporte-tablet-industrial-robusto-banner-768x433.jpg 768w, https:\/\/www.automacao10.com.br\/blog\/wp-content\/uploads\/2022\/09\/Suporte-tablet-industrial-robusto-banner-1536x865.jpg 1536w, https:\/\/www.automacao10.com.br\/blog\/wp-content\/uploads\/2022\/09\/Suporte-tablet-industrial-robusto-banner-600x338.jpg 600w, https:\/\/www.automacao10.com.br\/blog\/wp-content\/uploads\/2022\/09\/Suporte-tablet-industrial-robusto-banner.jpg 1640w\" sizes=\"(max-width: 800px) 100vw, 800px\" \/>\t\t\t\t\t\t\t\t\t\t\t\t\t\t\t<\/div>\n\t\t\t\t<\/div>\n\t\t\t\t<div class=\"elementor-element elementor-element-d13a335 elementor-widget elementor-widget-text-editor\" data-id=\"d13a335\" data-element_type=\"widget\" data-e-type=\"widget\" data-widget_type=\"text-editor.default\">\n\t\t\t\t<div class=\"elementor-widget-container\">\n\t\t\t\t\t\t\t\t\t<p><span style=\"font-family: verdana, geneva, sans-serif; font-size: 14pt;\">Apresentamos ao mercado nossos suportes de tablets industriais ou como alguns chamam de tablets robustos. Seguir\u00e1 apresenta\u00e7\u00e3o dos suportes fixos, articulados de parede ou de mesa.<br \/>Ficamos a disposi\u00e7\u00e3o caso tenha alguma duvida com rela\u00e7\u00e3o aos nossos produtos.<\/span><\/p>\t\t\t\t\t\t\t\t<\/div>\n\t\t\t\t<\/div>\n\t\t\t\t<section class=\"elementor-section elementor-inner-section elementor-element elementor-element-384a481 elementor-section-boxed elementor-section-height-default elementor-section-height-default\" data-id=\"384a481\" data-element_type=\"section\" data-e-type=\"section\">\n\t\t\t\t\t\t<div class=\"elementor-container elementor-column-gap-default\">\n\t\t\t\t\t<div class=\"elementor-column elementor-col-50 elementor-inner-column elementor-element elementor-element-8cbe0e2\" data-id=\"8cbe0e2\" data-element_type=\"column\" data-e-type=\"column\">\n\t\t\t<div class=\"elementor-widget-wrap elementor-element-populated\">\n\t\t\t\t\t\t<div class=\"elementor-element elementor-element-f61de7f elementor-widget elementor-widget-image\" data-id=\"f61de7f\" data-element_type=\"widget\" data-e-type=\"widget\" data-widget_type=\"image.default\">\n\t\t\t\t<div class=\"elementor-widget-container\">\n\t\t\t\t\t\t\t\t\t\t\t\t\t\t\t<img decoding=\"async\" width=\"800\" height=\"800\" src=\"https:\/\/www.automacao10.com.br\/blog\/wp-content\/uploads\/2022\/09\/suporte-robusto-tablet-industrial-smartloja-2-1024x1024.jpg\" class=\"attachment-large size-large wp-image-8767\" alt=\"\" srcset=\"https:\/\/www.automacao10.com.br\/blog\/wp-content\/uploads\/2022\/09\/suporte-robusto-tablet-industrial-smartloja-2-1024x1024.jpg 1024w, https:\/\/www.automacao10.com.br\/blog\/wp-content\/uploads\/2022\/09\/suporte-robusto-tablet-industrial-smartloja-2-300x300.jpg 300w, https:\/\/www.automacao10.com.br\/blog\/wp-content\/uploads\/2022\/09\/suporte-robusto-tablet-industrial-smartloja-2-150x150.jpg 150w, https:\/\/www.automacao10.com.br\/blog\/wp-content\/uploads\/2022\/09\/suporte-robusto-tablet-industrial-smartloja-2-768x768.jpg 768w, https:\/\/www.automacao10.com.br\/blog\/wp-content\/uploads\/2022\/09\/suporte-robusto-tablet-industrial-smartloja-2-600x600.jpg 600w, https:\/\/www.automacao10.com.br\/blog\/wp-content\/uploads\/2022\/09\/suporte-robusto-tablet-industrial-smartloja-2-100x100.jpg 100w, https:\/\/www.automacao10.com.br\/blog\/wp-content\/uploads\/2022\/09\/suporte-robusto-tablet-industrial-smartloja-2.jpg 1200w\" sizes=\"(max-width: 800px) 100vw, 800px\" \/>\t\t\t\t\t\t\t\t\t\t\t\t\t\t\t<\/div>\n\t\t\t\t<\/div>\n\t\t\t\t<div class=\"elementor-element elementor-element-7fa237b elementor-align-center elementor-widget elementor-widget-button\" data-id=\"7fa237b\" data-element_type=\"widget\" data-e-type=\"widget\" data-widget_type=\"button.default\">\n\t\t\t\t<div class=\"elementor-widget-container\">\n\t\t\t\t\t\t\t\t\t<div class=\"elementor-button-wrapper\">\n\t\t\t\t\t<a class=\"elementor-button elementor-button-link elementor-size-lg\" href=\"https:\/\/www.automacao10.com.br\/blog\/contato\/\">\n\t\t\t\t\t\t<span class=\"elementor-button-content-wrapper\">\n\t\t\t\t\t\t\t\t\t<span class=\"elementor-button-text\">Or\u00e7amento<\/span>\n\t\t\t\t\t<\/span>\n\t\t\t\t\t<\/a>\n\t\t\t\t<\/div>\n\t\t\t\t\t\t\t\t<\/div>\n\t\t\t\t<\/div>\n\t\t\t\t\t<\/div>\n\t\t<\/div>\n\t\t\t\t<div class=\"elementor-column elementor-col-50 elementor-inner-column elementor-element elementor-element-0f3835a\" data-id=\"0f3835a\" data-element_type=\"column\" data-e-type=\"column\">\n\t\t\t<div class=\"elementor-widget-wrap elementor-element-populated\">\n\t\t\t\t\t\t<div class=\"elementor-element elementor-element-0dc4c93 elementor-widget elementor-widget-text-editor\" data-id=\"0dc4c93\" data-element_type=\"widget\" data-e-type=\"widget\" data-widget_type=\"text-editor.default\">\n\t\t\t\t<div class=\"elementor-widget-container\">\n\t\t\t\t\t\t\t\t\t<p><span style=\"font-family: verdana, geneva, sans-serif; font-size: 14pt;\">Aqui ao lado segue nosso suporte para tablet industrial robusto de parede fixo em acr\u00edlico de 5mm de espessura. Esta n\u00e3o uma imagem ilustrativa e sim uma foto tradada de um modelo da Dell o modelo: <strong>LATITUDE 7220 RUGGED EXTREME-12 polegadas.<\/strong><\/span><\/p><p><span style=\"font-family: verdana, geneva, sans-serif; font-size: 14pt;\">Podemos faze para seu modelo especifico entre em contato conosco.<\/span><\/p>\t\t\t\t\t\t\t\t<\/div>\n\t\t\t\t<\/div>\n\t\t\t\t\t<\/div>\n\t\t<\/div>\n\t\t\t\t\t<\/div>\n\t\t<\/section>\n\t\t\t\t<section class=\"elementor-section elementor-inner-section elementor-element elementor-element-723f012 elementor-section-boxed elementor-section-height-default elementor-section-height-default\" data-id=\"723f012\" data-element_type=\"section\" data-e-type=\"section\">\n\t\t\t\t\t\t<div class=\"elementor-container elementor-column-gap-default\">\n\t\t\t\t\t<div class=\"elementor-column elementor-col-50 elementor-inner-column elementor-element elementor-element-29603b1\" data-id=\"29603b1\" data-element_type=\"column\" data-e-type=\"column\">\n\t\t\t<div class=\"elementor-widget-wrap elementor-element-populated\">\n\t\t\t\t\t\t<div class=\"elementor-element elementor-element-8fd3cd9 elementor-widget elementor-widget-image\" data-id=\"8fd3cd9\" data-element_type=\"widget\" data-e-type=\"widget\" data-widget_type=\"image.default\">\n\t\t\t\t<div class=\"elementor-widget-container\">\n\t\t\t\t\t\t\t\t\t\t\t\t\t\t\t<img decoding=\"async\" width=\"800\" height=\"800\" src=\"https:\/\/www.automacao10.com.br\/blog\/wp-content\/uploads\/2022\/09\/suporte-robusto-tablet-industrial-articulado-A10-2-1024x1024.jpg\" class=\"attachment-large size-large wp-image-8777\" alt=\"\" srcset=\"https:\/\/www.automacao10.com.br\/blog\/wp-content\/uploads\/2022\/09\/suporte-robusto-tablet-industrial-articulado-A10-2-1024x1024.jpg 1024w, https:\/\/www.automacao10.com.br\/blog\/wp-content\/uploads\/2022\/09\/suporte-robusto-tablet-industrial-articulado-A10-2-300x300.jpg 300w, https:\/\/www.automacao10.com.br\/blog\/wp-content\/uploads\/2022\/09\/suporte-robusto-tablet-industrial-articulado-A10-2-150x150.jpg 150w, https:\/\/www.automacao10.com.br\/blog\/wp-content\/uploads\/2022\/09\/suporte-robusto-tablet-industrial-articulado-A10-2-768x768.jpg 768w, https:\/\/www.automacao10.com.br\/blog\/wp-content\/uploads\/2022\/09\/suporte-robusto-tablet-industrial-articulado-A10-2-600x600.jpg 600w, https:\/\/www.automacao10.com.br\/blog\/wp-content\/uploads\/2022\/09\/suporte-robusto-tablet-industrial-articulado-A10-2-100x100.jpg 100w, https:\/\/www.automacao10.com.br\/blog\/wp-content\/uploads\/2022\/09\/suporte-robusto-tablet-industrial-articulado-A10-2.jpg 1200w\" sizes=\"(max-width: 800px) 100vw, 800px\" \/>\t\t\t\t\t\t\t\t\t\t\t\t\t\t\t<\/div>\n\t\t\t\t<\/div>\n\t\t\t\t<div class=\"elementor-element elementor-element-0b41f25 elementor-align-center elementor-widget elementor-widget-button\" data-id=\"0b41f25\" data-element_type=\"widget\" data-e-type=\"widget\" data-widget_type=\"button.default\">\n\t\t\t\t<div class=\"elementor-widget-container\">\n\t\t\t\t\t\t\t\t\t<div class=\"elementor-button-wrapper\">\n\t\t\t\t\t<a class=\"elementor-button elementor-button-link elementor-size-lg\" href=\"https:\/\/www.automacao10.com.br\/blog\/contato\/\">\n\t\t\t\t\t\t<span class=\"elementor-button-content-wrapper\">\n\t\t\t\t\t\t\t\t\t<span class=\"elementor-button-text\">Or\u00e7amento<\/span>\n\t\t\t\t\t<\/span>\n\t\t\t\t\t<\/a>\n\t\t\t\t<\/div>\n\t\t\t\t\t\t\t\t<\/div>\n\t\t\t\t<\/div>\n\t\t\t\t\t<\/div>\n\t\t<\/div>\n\t\t\t\t<div class=\"elementor-column elementor-col-50 elementor-inner-column elementor-element elementor-element-50c76f2\" data-id=\"50c76f2\" data-element_type=\"column\" data-e-type=\"column\">\n\t\t\t<div class=\"elementor-widget-wrap elementor-element-populated\">\n\t\t\t\t\t\t<div class=\"elementor-element elementor-element-a9b24a2 elementor-widget elementor-widget-text-editor\" data-id=\"a9b24a2\" data-element_type=\"widget\" data-e-type=\"widget\" data-widget_type=\"text-editor.default\">\n\t\t\t\t<div class=\"elementor-widget-container\">\n\t\t\t\t\t\t\t\t\t<p><span style=\"font-family: verdana, geneva, sans-serif; font-size: 14pt;\">Aqui ao lado segue nosso suporte para tablet industrial robusto de parede articulado em acr\u00edlico de 5mm de espessura.\u00a0<\/span><\/p><p><span style=\"font-family: verdana, geneva, sans-serif; font-size: 14pt;\"><strong>1\u00b0 Case onde fica o tablet em acr\u00edlico de 5mm de espessura.<\/strong><br \/><strong>2\u00b0 Bra\u00e7o articulado de mesa com pist\u00e3o a g\u00e1s, constru\u00eddo em a\u00e7o e abs, preso na parede com parafusos e bucha.<\/strong><\/span><\/p><p><span style=\"font-family: verdana, geneva, sans-serif; font-size: 14pt;\">Esta n\u00e3o uma imagem ilustrativa e sim uma foto tradada de um modelo da Dell o modelo: <strong>LATITUDE 7220 RUGGED EXTREME-12 polegadas.<\/strong><\/span><\/p><p><span style=\"font-family: verdana, geneva, sans-serif; font-size: 14pt;\">Podemos faze para seu modelo especifico entre em contato conosco.<\/span><\/p><p>\u00a0<\/p><p><span style=\"font-family: verdana, geneva, sans-serif; font-size: 14pt;\">\u00a0<\/span><\/p>\t\t\t\t\t\t\t\t<\/div>\n\t\t\t\t<\/div>\n\t\t\t\t\t<\/div>\n\t\t<\/div>\n\t\t\t\t\t<\/div>\n\t\t<\/section>\n\t\t\t\t<section class=\"elementor-section elementor-inner-section elementor-element elementor-element-c45058d elementor-section-boxed elementor-section-height-default elementor-section-height-default\" data-id=\"c45058d\" data-element_type=\"section\" data-e-type=\"section\">\n\t\t\t\t\t\t<div class=\"elementor-container elementor-column-gap-default\">\n\t\t\t\t\t<div class=\"elementor-column elementor-col-50 elementor-inner-column elementor-element elementor-element-7149631\" data-id=\"7149631\" data-element_type=\"column\" data-e-type=\"column\">\n\t\t\t<div class=\"elementor-widget-wrap elementor-element-populated\">\n\t\t\t\t\t\t<div class=\"elementor-element elementor-element-7a3fdc2 elementor-widget elementor-widget-image\" data-id=\"7a3fdc2\" data-element_type=\"widget\" data-e-type=\"widget\" data-widget_type=\"image.default\">\n\t\t\t\t<div class=\"elementor-widget-container\">\n\t\t\t\t\t\t\t\t\t\t\t\t\t\t\t<img loading=\"lazy\" decoding=\"async\" width=\"800\" height=\"800\" src=\"https:\/\/www.automacao10.com.br\/blog\/wp-content\/uploads\/2022\/09\/suporte-tablet-industrial-robusto-mesa-smart-ind-1024x1024.jpg\" class=\"attachment-large size-large wp-image-8790\" alt=\"\" srcset=\"https:\/\/www.automacao10.com.br\/blog\/wp-content\/uploads\/2022\/09\/suporte-tablet-industrial-robusto-mesa-smart-ind-1024x1024.jpg 1024w, https:\/\/www.automacao10.com.br\/blog\/wp-content\/uploads\/2022\/09\/suporte-tablet-industrial-robusto-mesa-smart-ind-300x300.jpg 300w, https:\/\/www.automacao10.com.br\/blog\/wp-content\/uploads\/2022\/09\/suporte-tablet-industrial-robusto-mesa-smart-ind-150x150.jpg 150w, https:\/\/www.automacao10.com.br\/blog\/wp-content\/uploads\/2022\/09\/suporte-tablet-industrial-robusto-mesa-smart-ind-768x768.jpg 768w, https:\/\/www.automacao10.com.br\/blog\/wp-content\/uploads\/2022\/09\/suporte-tablet-industrial-robusto-mesa-smart-ind-600x600.jpg 600w, https:\/\/www.automacao10.com.br\/blog\/wp-content\/uploads\/2022\/09\/suporte-tablet-industrial-robusto-mesa-smart-ind-100x100.jpg 100w, https:\/\/www.automacao10.com.br\/blog\/wp-content\/uploads\/2022\/09\/suporte-tablet-industrial-robusto-mesa-smart-ind.jpg 1200w\" sizes=\"(max-width: 800px) 100vw, 800px\" \/>\t\t\t\t\t\t\t\t\t\t\t\t\t\t\t<\/div>\n\t\t\t\t<\/div>\n\t\t\t\t<div class=\"elementor-element elementor-element-46df8fc elementor-align-center elementor-widget elementor-widget-button\" data-id=\"46df8fc\" data-element_type=\"widget\" data-e-type=\"widget\" data-widget_type=\"button.default\">\n\t\t\t\t<div class=\"elementor-widget-container\">\n\t\t\t\t\t\t\t\t\t<div class=\"elementor-button-wrapper\">\n\t\t\t\t\t<a class=\"elementor-button elementor-button-link elementor-size-lg\" href=\"https:\/\/www.automacao10.com.br\/blog\/contato\/\">\n\t\t\t\t\t\t<span class=\"elementor-button-content-wrapper\">\n\t\t\t\t\t\t\t\t\t<span class=\"elementor-button-text\">Or\u00e7amento<\/span>\n\t\t\t\t\t<\/span>\n\t\t\t\t\t<\/a>\n\t\t\t\t<\/div>\n\t\t\t\t\t\t\t\t<\/div>\n\t\t\t\t<\/div>\n\t\t\t\t\t<\/div>\n\t\t<\/div>\n\t\t\t\t<div class=\"elementor-column elementor-col-50 elementor-inner-column elementor-element elementor-element-f3e222c\" data-id=\"f3e222c\" data-element_type=\"column\" data-e-type=\"column\">\n\t\t\t<div class=\"elementor-widget-wrap elementor-element-populated\">\n\t\t\t\t\t\t<div class=\"elementor-element elementor-element-ba8c801 elementor-widget elementor-widget-text-editor\" data-id=\"ba8c801\" data-element_type=\"widget\" data-e-type=\"widget\" data-widget_type=\"text-editor.default\">\n\t\t\t\t<div class=\"elementor-widget-container\">\n\t\t\t\t\t\t\t\t\t<p><span style=\"font-family: verdana, geneva, sans-serif; font-size: 14pt;\">Aqui ao lado segue nosso suporte para tablet industrial robusto de mesa articulado.Constru\u00eddo da seguinte forma:<br \/><strong>1\u00b0 Case onde fica o tablet em acr\u00edlico de 5mm de espessura.<\/strong><br \/><strong>2\u00b0 Bra\u00e7o articulado de mesa com pist\u00e3o a g\u00e1s, constru\u00eddo em a\u00e7o e abs, preso na mesa com sistema de morsa.<\/strong><br \/>\u00a0Esta n\u00e3o uma imagem ilustrativa e sim uma foto tradada de um modelo da Dell o modelo: <strong>LATITUDE 7220 RUGGED EXTREME-12 polegadas.<\/strong><\/span><\/p><p><span style=\"font-family: verdana, geneva, sans-serif; font-size: 14pt;\">Podemos faze para seu modelo especifico entre em contato conosco.<\/span><\/p>\t\t\t\t\t\t\t\t<\/div>\n\t\t\t\t<\/div>\n\t\t\t\t\t<\/div>\n\t\t<\/div>\n\t\t\t\t\t<\/div>\n\t\t<\/section>\n\t\t\t\t\t<\/div>\n\t\t<\/div>\n\t\t\t\t\t<\/div>\n\t\t<\/section>\n\t\t\t\t<\/div>\n\t\t","protected":false},"excerpt":{"rendered":"<p>Apresentamos ao mercado nossos suportes de tablets industriais ou como alguns chamam de tablets robustos. Seguir\u00e1 apresenta\u00e7\u00e3o dos suportes fixos, articulados de parede ou de mesa.Ficamos a disposi\u00e7\u00e3o caso tenha alguma duvida com rela\u00e7\u00e3o aos nossos produtos. Or\u00e7amento Aqui ao lado segue nosso suporte para tablet industrial robusto de parede fixo em acr\u00edlico de 5mm [&hellip;]<\/p>\n","protected":false},"author":1,"featured_media":0,"parent":0,"menu_order":0,"comment_status":"closed","ping_status":"closed","template":"","meta":{"_uag_custom_page_level_css":"","footnotes":""},"class_list":["post-8752","page","type-page","status-publish","hentry"],"uagb_featured_image_src":{"full":false,"thumbnail":false,"medium":false,"medium_large":false,"large":false,"1536x1536":false,"2048x2048":false},"uagb_author_info":{"display_name":"lumartec","author_link":"https:\/\/www.automacao10.com.br\/blog\/author\/lumartec\/"},"uagb_comment_info":0,"uagb_excerpt":"Apresentamos ao mercado nossos suportes de tablets industriais ou como alguns chamam de tablets robustos. Seguir\u00e1 apresenta\u00e7\u00e3o dos suportes fixos, articulados de parede ou de mesa.Ficamos a disposi\u00e7\u00e3o caso tenha alguma duvida com rela\u00e7\u00e3o aos nossos produtos. Or\u00e7amento Aqui ao lado segue nosso suporte para tablet industrial robusto de parede fixo em acr\u00edlico de 5mm&hellip;","_links":{"self":[{"href":"https:\/\/www.automacao10.com.br\/blog\/wp-json\/wp\/v2\/pages\/8752"}],"collection":[{"href":"https:\/\/www.automacao10.com.br\/blog\/wp-json\/wp\/v2\/pages"}],"about":[{"href":"https:\/\/www.automacao10.com.br\/blog\/wp-json\/wp\/v2\/types\/page"}],"author":[{"embeddable":true,"href":"https:\/\/www.automacao10.com.br\/blog\/wp-json\/wp\/v2\/users\/1"}],"replies":[{"embeddable":true,"href":"https:\/\/www.automacao10.com.br\/blog\/wp-json\/wp\/v2\/comments?post=8752"}],"version-history":[{"count":43,"href":"https:\/\/www.automacao10.com.br\/blog\/wp-json\/wp\/v2\/pages\/8752\/revisions"}],"predecessor-version":[{"id":8799,"href":"https:\/\/www.automacao10.com.br\/blog\/wp-json\/wp\/v2\/pages\/8752\/revisions\/8799"}],"wp:attachment":[{"href":"https:\/\/www.automacao10.com.br\/blog\/wp-json\/wp\/v2\/media?parent=8752"}],"curies":[{"name":"wp","href":"https:\/\/api.w.org\/{rel}","templated":true}]}}