{"id":9487,"date":"2023-03-28T12:47:38","date_gmt":"2023-03-28T12:47:38","guid":{"rendered":"https:\/\/www.automacao10.com.br\/blog\/?page_id=9487"},"modified":"2024-07-02T10:03:06","modified_gmt":"2024-07-02T13:03:06","slug":"suporte-celular-antifurto-lockbox","status":"publish","type":"page","link":"https:\/\/www.automacao10.com.br\/blog\/suporte-celular-antifurto-lockbox\/","title":{"rendered":"Suporte Celular Antifurto Lockbox"},"content":{"rendered":"\t\t<div data-elementor-type=\"wp-page\" data-elementor-id=\"9487\" class=\"elementor elementor-9487\" data-elementor-post-type=\"page\">\n\t\t\t\t\t\t<section class=\"elementor-section elementor-top-section elementor-element elementor-element-7a232446 elementor-section-boxed elementor-section-height-default elementor-section-height-default\" data-id=\"7a232446\" data-element_type=\"section\" data-e-type=\"section\">\n\t\t\t\t\t\t<div class=\"elementor-container elementor-column-gap-default\">\n\t\t\t\t\t<div class=\"elementor-column elementor-col-100 elementor-top-column elementor-element elementor-element-740408cc\" data-id=\"740408cc\" data-element_type=\"column\" data-e-type=\"column\">\n\t\t\t<div class=\"elementor-widget-wrap elementor-element-populated\">\n\t\t\t\t\t\t<div class=\"elementor-element elementor-element-ce4020d elementor-widget elementor-widget-image\" data-id=\"ce4020d\" data-element_type=\"widget\" data-e-type=\"widget\" data-widget_type=\"image.default\">\n\t\t\t\t<div class=\"elementor-widget-container\">\n\t\t\t\t\t\t\t\t\t\t\t\t\t\t\t<img fetchpriority=\"high\" decoding=\"async\" width=\"800\" height=\"400\" src=\"https:\/\/www.automacao10.com.br\/blog\/wp-content\/uploads\/2023\/03\/expositor-iPhone-antifurto-Locakbox-1024x512.jpg\" class=\"attachment-large size-large wp-image-9493\" alt=\"\" srcset=\"https:\/\/www.automacao10.com.br\/blog\/wp-content\/uploads\/2023\/03\/expositor-iPhone-antifurto-Locakbox-1024x512.jpg 1024w, https:\/\/www.automacao10.com.br\/blog\/wp-content\/uploads\/2023\/03\/expositor-iPhone-antifurto-Locakbox-300x150.jpg 300w, https:\/\/www.automacao10.com.br\/blog\/wp-content\/uploads\/2023\/03\/expositor-iPhone-antifurto-Locakbox-768x384.jpg 768w, https:\/\/www.automacao10.com.br\/blog\/wp-content\/uploads\/2023\/03\/expositor-iPhone-antifurto-Locakbox-1536x768.jpg 1536w, https:\/\/www.automacao10.com.br\/blog\/wp-content\/uploads\/2023\/03\/expositor-iPhone-antifurto-Locakbox-2048x1024.jpg 2048w, https:\/\/www.automacao10.com.br\/blog\/wp-content\/uploads\/2023\/03\/expositor-iPhone-antifurto-Locakbox-600x300.jpg 600w\" sizes=\"(max-width: 800px) 100vw, 800px\" \/>\t\t\t\t\t\t\t\t\t\t\t\t\t\t\t<\/div>\n\t\t\t\t<\/div>\n\t\t\t\t<div class=\"elementor-element elementor-element-59edbde elementor-widget elementor-widget-text-editor\" data-id=\"59edbde\" data-element_type=\"widget\" data-e-type=\"widget\" data-widget_type=\"text-editor.default\">\n\t\t\t\t<div class=\"elementor-widget-container\">\n\t\t\t\t\t\t\t\t\t<header><nav><ul><li><a href=\"https:\/\/www.smartloja.com\/suporte-celular-antifurto-lockbox\/\" target=\"_blank\" rel=\"noopener\">In\u00edcio<\/a><\/li><li><a href=\"#como-funciona\">Como Funciona<\/a><\/li><li><a href=\"#por-que-comprar\">Por que Comprar<\/a><\/li><li><a href=\"#compre-agora\">Compre Agora<\/a><\/li><\/ul><\/nav><\/header><section id=\"hero\"><div class=\"container\"><h1><strong><span style=\"font-size: 18pt;\">Suporte Celular Antifurto Lockbox<\/span><\/strong><\/h1><p>Proteja seu celular com seguran\u00e7a e praticidade<\/p><p><a class=\"cta-btn\" href=\"https:\/\/www.smartloja.com\/suporte-celular-antifurto-lockbox\/\" target=\"_blank\" rel=\"noopener\">Compre Agora<\/a><\/p><\/div><\/section><section id=\"como-funciona\"><div class=\"container\"><h2>Como Funciona<\/h2><p>O Suporte Celular Antifurto Lockbox \u00e9 f\u00e1cil de usar. Basta seguir estes passos:<\/p><ul><li>1. Coloque o celular dentro do suporte.<\/li><li>2. Trave o suporte com a chave fornecida.<\/li><li>3. Conecte o suporte a uma superf\u00edcie e prenda com parafusos ou fita dupla face.<\/li><\/ul><\/div><\/section><section id=\"por-que-comprar\"><div class=\"container\"><h2>Por que Comprar<\/h2><p>O Suporte Celular Antifurto Lockbox \u00e9 ideal para uso em feiras e eventos, pois n\u00e3o precisa grudar nada no smartphone ou iPhone. Trata-se de uma case em acr\u00edlico de 3 mm de espessura, com a frente em acr\u00edlico transparente, ideal para deixar em exposi\u00e7\u00f5es em feiras e eventos ou mesmo em lojas. Seguran\u00e7a sem precisar grudar nada em seu equipamento.<br \/>Com entrada para o cabo de energia e com prote\u00e7\u00e3o interna, preso em mesas parafusado ou com fita dupla face.<\/p><div>\u00a0<\/div><p>O Suporte Celular Antifurto Lockbox oferece muitos benef\u00edcios, incluindo:<\/p><ul><li>Seguran\u00e7a &#8211; mant\u00e9m seu celular seguro e protegido.<\/li><li>Praticidade &#8211; pode ser usado em qualquer lugar.<\/li><li>Durabilidade &#8211; constru\u00eddo com materiais de alta qualidade.<\/li><\/ul><\/div><\/section><section id=\"compre-agora\"><div class=\"container\"><h2><a href=\"https:\/\/www.smartloja.com\/suporte-celular-antifurto-lockbox\/\" target=\"_blank\" rel=\"noopener\">Compre Agora<\/a><\/h2><p>Clique no bot\u00e3o abaixo para comprar o Suporte Celular Antifurto Lockbox na loja virtual SmartLoja:<\/p><p><a class=\"cta-btn\" href=\"https:\/\/www.smartloja.com\/suporte-celular-antifurto-lockbox\/\" target=\"_blank\" rel=\"noopener\">Compre Agora<\/a><\/p><\/div><\/section><footer><div class=\"container\"><p>Direitos Autorais \u00a9 2023 Lumar Tecnologia. Todos os direitos reservados.<\/p><\/div><\/footer>\t\t\t\t\t\t\t\t<\/div>\n\t\t\t\t<\/div>\n\t\t\t\t<div class=\"elementor-element elementor-element-c84602b elementor-align-center elementor-widget elementor-widget-button\" data-id=\"c84602b\" data-element_type=\"widget\" data-e-type=\"widget\" data-widget_type=\"button.default\">\n\t\t\t\t<div class=\"elementor-widget-container\">\n\t\t\t\t\t\t\t\t\t<div class=\"elementor-button-wrapper\">\n\t\t\t\t\t<a class=\"elementor-button elementor-button-link elementor-size-lg\" href=\"https:\/\/www.smartloja.com\/produtos\/expositor-iphone-antifurto-lockbox-mesa\/\" target=\"_blank\" rel=\"noopener\">\n\t\t\t\t\t\t<span class=\"elementor-button-content-wrapper\">\n\t\t\t\t\t\t\t\t\t<span class=\"elementor-button-text\">Compre Agora<\/span>\n\t\t\t\t\t<\/span>\n\t\t\t\t\t<\/a>\n\t\t\t\t<\/div>\n\t\t\t\t\t\t\t\t<\/div>\n\t\t\t\t<\/div>\n\t\t\t\t\t<\/div>\n\t\t<\/div>\n\t\t\t\t\t<\/div>\n\t\t<\/section>\n\t\t\t\t<\/div>\n\t\t","protected":false},"excerpt":{"rendered":"<p>In\u00edcio Como Funciona Por que Comprar Compre Agora Suporte Celular Antifurto Lockbox Proteja seu celular com seguran\u00e7a e praticidade Compre Agora Como Funciona O Suporte Celular Antifurto Lockbox \u00e9 f\u00e1cil de usar. Basta seguir estes passos: 1. Coloque o celular dentro do suporte. 2. Trave o suporte com a chave fornecida. 3. Conecte o suporte [&hellip;]<\/p>\n","protected":false},"author":1,"featured_media":0,"parent":0,"menu_order":0,"comment_status":"closed","ping_status":"closed","template":"","meta":{"_uag_custom_page_level_css":"","footnotes":""},"class_list":["post-9487","page","type-page","status-publish","hentry"],"uagb_featured_image_src":{"full":false,"thumbnail":false,"medium":false,"medium_large":false,"large":false,"1536x1536":false,"2048x2048":false},"uagb_author_info":{"display_name":"lumartec","author_link":"https:\/\/www.automacao10.com.br\/blog\/author\/lumartec\/"},"uagb_comment_info":0,"uagb_excerpt":"In\u00edcio Como Funciona Por que Comprar Compre Agora Suporte Celular Antifurto Lockbox Proteja seu celular com seguran\u00e7a e praticidade Compre Agora Como Funciona O Suporte Celular Antifurto Lockbox \u00e9 f\u00e1cil de usar. Basta seguir estes passos: 1. Coloque o celular dentro do suporte. 2. Trave o suporte com a chave fornecida. 3. Conecte o suporte&hellip;","_links":{"self":[{"href":"https:\/\/www.automacao10.com.br\/blog\/wp-json\/wp\/v2\/pages\/9487"}],"collection":[{"href":"https:\/\/www.automacao10.com.br\/blog\/wp-json\/wp\/v2\/pages"}],"about":[{"href":"https:\/\/www.automacao10.com.br\/blog\/wp-json\/wp\/v2\/types\/page"}],"author":[{"embeddable":true,"href":"https:\/\/www.automacao10.com.br\/blog\/wp-json\/wp\/v2\/users\/1"}],"replies":[{"embeddable":true,"href":"https:\/\/www.automacao10.com.br\/blog\/wp-json\/wp\/v2\/comments?post=9487"}],"version-history":[{"count":34,"href":"https:\/\/www.automacao10.com.br\/blog\/wp-json\/wp\/v2\/pages\/9487\/revisions"}],"predecessor-version":[{"id":11966,"href":"https:\/\/www.automacao10.com.br\/blog\/wp-json\/wp\/v2\/pages\/9487\/revisions\/11966"}],"wp:attachment":[{"href":"https:\/\/www.automacao10.com.br\/blog\/wp-json\/wp\/v2\/media?parent=9487"}],"curies":[{"name":"wp","href":"https:\/\/api.w.org\/{rel}","templated":true}]}}