{"id":9713,"date":"2023-11-07T17:51:59","date_gmt":"2023-11-07T17:51:59","guid":{"rendered":"https:\/\/www.automacao10.com.br\/blog\/?page_id=9713"},"modified":"2023-11-08T17:44:48","modified_gmt":"2023-11-08T17:44:48","slug":"expositor-para-drones-antifurto","status":"publish","type":"page","link":"https:\/\/www.automacao10.com.br\/blog\/expositor-para-drones-antifurto\/","title":{"rendered":"Expositor para Drones antifurto"},"content":{"rendered":"\t\t<div data-elementor-type=\"wp-page\" data-elementor-id=\"9713\" class=\"elementor elementor-9713\" data-elementor-post-type=\"page\">\n\t\t\t\t\t\t<section class=\"elementor-section elementor-top-section elementor-element elementor-element-2d9ae0d elementor-section-boxed elementor-section-height-default elementor-section-height-default\" data-id=\"2d9ae0d\" data-element_type=\"section\" data-e-type=\"section\">\n\t\t\t\t\t\t<div class=\"elementor-container elementor-column-gap-default\">\n\t\t\t\t\t<div class=\"elementor-column elementor-col-100 elementor-top-column elementor-element elementor-element-bda4c8e\" data-id=\"bda4c8e\" data-element_type=\"column\" data-e-type=\"column\">\n\t\t\t<div class=\"elementor-widget-wrap elementor-element-populated\">\n\t\t\t\t\t\t<div class=\"elementor-element elementor-element-51037fe elementor-widget elementor-widget-image\" data-id=\"51037fe\" data-element_type=\"widget\" data-e-type=\"widget\" data-widget_type=\"image.default\">\n\t\t\t\t<div class=\"elementor-widget-container\">\n\t\t\t\t\t\t\t\t\t\t\t\t\t\t\t<img fetchpriority=\"high\" decoding=\"async\" width=\"800\" height=\"800\" src=\"https:\/\/www.automacao10.com.br\/blog\/wp-content\/uploads\/2023\/11\/Expositor-Antifurto-Drone-1024x1024.jpg\" class=\"attachment-large size-large wp-image-9714\" alt=\"\" srcset=\"https:\/\/www.automacao10.com.br\/blog\/wp-content\/uploads\/2023\/11\/Expositor-Antifurto-Drone-1024x1024.jpg 1024w, https:\/\/www.automacao10.com.br\/blog\/wp-content\/uploads\/2023\/11\/Expositor-Antifurto-Drone-300x300.jpg 300w, https:\/\/www.automacao10.com.br\/blog\/wp-content\/uploads\/2023\/11\/Expositor-Antifurto-Drone-150x150.jpg 150w, https:\/\/www.automacao10.com.br\/blog\/wp-content\/uploads\/2023\/11\/Expositor-Antifurto-Drone-768x768.jpg 768w, https:\/\/www.automacao10.com.br\/blog\/wp-content\/uploads\/2023\/11\/Expositor-Antifurto-Drone-600x600.jpg 600w, https:\/\/www.automacao10.com.br\/blog\/wp-content\/uploads\/2023\/11\/Expositor-Antifurto-Drone-100x100.jpg 100w, https:\/\/www.automacao10.com.br\/blog\/wp-content\/uploads\/2023\/11\/Expositor-Antifurto-Drone.jpg 1200w\" sizes=\"(max-width: 800px) 100vw, 800px\" \/>\t\t\t\t\t\t\t\t\t\t\t\t\t\t\t<\/div>\n\t\t\t\t<\/div>\n\t\t\t\t<div class=\"elementor-element elementor-element-776e032 elementor-widget elementor-widget-text-editor\" data-id=\"776e032\" data-element_type=\"widget\" data-e-type=\"widget\" data-widget_type=\"text-editor.default\">\n\t\t\t\t<div class=\"elementor-widget-container\">\n\t\t\t\t\t\t\t\t\t<p><span style=\"font-family: verdana, geneva, sans-serif;\">Expositor para drones antifurto, ideal para uso em feiras e eventos, lojas, quiosques e demais locais onde precisa deixa drones em exposi\u00e7\u00e3o e ao mesmo de forma segura para evitar furtos destes equipamento devido ao seu valor elevado.<\/span><br \/><span style=\"font-family: verdana, geneva, sans-serif;\">Trata-se de uma mini central alarmada com bateria de l\u00edtio e um cabo spiral com 1.25 metros. Caso tentativa de furto por corte do cabo o alarme dispara, caso tente retirar a central da mesa o alarme dispara. A central pode ser presa na mesa com fita dupla face de alta resist\u00eancia esta j\u00e1 acompanha a centra, ou tamb\u00e9m parafusada j\u00e1 os parafusos n\u00e3o acompanha a central. Quer saber mais sobre ou fazer um or\u00e7amento entre em contato com nossa equipe comercial: WhatsApp: (11) 9-8505-0438<br \/><\/span><br \/><br \/><\/p>\t\t\t\t\t\t\t\t<\/div>\n\t\t\t\t<\/div>\n\t\t\t\t<div class=\"elementor-element elementor-element-d30ebcb elementor-widget elementor-widget-heading\" data-id=\"d30ebcb\" data-element_type=\"widget\" data-e-type=\"widget\" data-widget_type=\"heading.default\">\n\t\t\t\t<div class=\"elementor-widget-container\">\n\t\t\t\t\t<h2 class=\"elementor-heading-title elementor-size-large\">Expositor Drones Antifurto<\/h2>\t\t\t\t<\/div>\n\t\t\t\t<\/div>\n\t\t\t\t<section class=\"elementor-section elementor-inner-section elementor-element elementor-element-7a06182 elementor-section-boxed elementor-section-height-default elementor-section-height-default\" data-id=\"7a06182\" data-element_type=\"section\" data-e-type=\"section\">\n\t\t\t\t\t\t<div class=\"elementor-container elementor-column-gap-default\">\n\t\t\t\t\t<div class=\"elementor-column elementor-col-50 elementor-inner-column elementor-element elementor-element-9a7a8cb\" data-id=\"9a7a8cb\" data-element_type=\"column\" data-e-type=\"column\">\n\t\t\t<div class=\"elementor-widget-wrap elementor-element-populated\">\n\t\t\t\t\t\t<div class=\"elementor-element elementor-element-f0864ff elementor-widget elementor-widget-image\" data-id=\"f0864ff\" data-element_type=\"widget\" data-e-type=\"widget\" data-widget_type=\"image.default\">\n\t\t\t\t<div class=\"elementor-widget-container\">\n\t\t\t\t\t\t\t\t\t\t\t\t\t\t\t<img decoding=\"async\" width=\"800\" height=\"800\" src=\"https:\/\/www.automacao10.com.br\/blog\/wp-content\/uploads\/2023\/11\/Expositor-Controle-Drone-2-1024x1024.jpg\" class=\"attachment-large size-large wp-image-9759\" alt=\"\" srcset=\"https:\/\/www.automacao10.com.br\/blog\/wp-content\/uploads\/2023\/11\/Expositor-Controle-Drone-2-1024x1024.jpg 1024w, https:\/\/www.automacao10.com.br\/blog\/wp-content\/uploads\/2023\/11\/Expositor-Controle-Drone-2-300x300.jpg 300w, https:\/\/www.automacao10.com.br\/blog\/wp-content\/uploads\/2023\/11\/Expositor-Controle-Drone-2-150x150.jpg 150w, https:\/\/www.automacao10.com.br\/blog\/wp-content\/uploads\/2023\/11\/Expositor-Controle-Drone-2-768x768.jpg 768w, https:\/\/www.automacao10.com.br\/blog\/wp-content\/uploads\/2023\/11\/Expositor-Controle-Drone-2-600x600.jpg 600w, https:\/\/www.automacao10.com.br\/blog\/wp-content\/uploads\/2023\/11\/Expositor-Controle-Drone-2-100x100.jpg 100w, https:\/\/www.automacao10.com.br\/blog\/wp-content\/uploads\/2023\/11\/Expositor-Controle-Drone-2.jpg 1200w\" sizes=\"(max-width: 800px) 100vw, 800px\" \/>\t\t\t\t\t\t\t\t\t\t\t\t\t\t\t<\/div>\n\t\t\t\t<\/div>\n\t\t\t\t\t<\/div>\n\t\t<\/div>\n\t\t\t\t<div class=\"elementor-column elementor-col-50 elementor-inner-column elementor-element elementor-element-646d4a9\" data-id=\"646d4a9\" data-element_type=\"column\" data-e-type=\"column\">\n\t\t\t<div class=\"elementor-widget-wrap elementor-element-populated\">\n\t\t\t\t\t\t<div class=\"elementor-element elementor-element-302a2ad elementor-widget elementor-widget-image\" data-id=\"302a2ad\" data-element_type=\"widget\" data-e-type=\"widget\" data-widget_type=\"image.default\">\n\t\t\t\t<div class=\"elementor-widget-container\">\n\t\t\t\t\t\t\t\t\t\t\t\t\t\t\t<img decoding=\"async\" width=\"800\" height=\"763\" src=\"https:\/\/www.automacao10.com.br\/blog\/wp-content\/uploads\/2023\/11\/Expositor-Antifurto-Drone-3-1024x976.jpg\" class=\"attachment-large size-large wp-image-9748\" alt=\"\" srcset=\"https:\/\/www.automacao10.com.br\/blog\/wp-content\/uploads\/2023\/11\/Expositor-Antifurto-Drone-3-1024x976.jpg 1024w, https:\/\/www.automacao10.com.br\/blog\/wp-content\/uploads\/2023\/11\/Expositor-Antifurto-Drone-3-300x286.jpg 300w, https:\/\/www.automacao10.com.br\/blog\/wp-content\/uploads\/2023\/11\/Expositor-Antifurto-Drone-3-768x732.jpg 768w, https:\/\/www.automacao10.com.br\/blog\/wp-content\/uploads\/2023\/11\/Expositor-Antifurto-Drone-3-600x572.jpg 600w, https:\/\/www.automacao10.com.br\/blog\/wp-content\/uploads\/2023\/11\/Expositor-Antifurto-Drone-3.jpg 1284w\" sizes=\"(max-width: 800px) 100vw, 800px\" \/>\t\t\t\t\t\t\t\t\t\t\t\t\t\t\t<\/div>\n\t\t\t\t<\/div>\n\t\t\t\t\t<\/div>\n\t\t<\/div>\n\t\t\t\t\t<\/div>\n\t\t<\/section>\n\t\t\t\t\t<\/div>\n\t\t<\/div>\n\t\t\t\t\t<\/div>\n\t\t<\/section>\n\t\t\t\t<\/div>\n\t\t","protected":false},"excerpt":{"rendered":"<p>Expositor para drones antifurto, ideal para uso em feiras e eventos, lojas, quiosques e demais locais onde precisa deixa drones em exposi\u00e7\u00e3o e ao mesmo de forma segura para evitar furtos destes equipamento devido ao seu valor elevado.Trata-se de uma mini central alarmada com bateria de l\u00edtio e um cabo spiral com 1.25 metros. Caso [&hellip;]<\/p>\n","protected":false},"author":1,"featured_media":0,"parent":0,"menu_order":0,"comment_status":"closed","ping_status":"closed","template":"","meta":{"_uag_custom_page_level_css":"","footnotes":""},"class_list":["post-9713","page","type-page","status-publish","hentry"],"uagb_featured_image_src":{"full":false,"thumbnail":false,"medium":false,"medium_large":false,"large":false,"1536x1536":false,"2048x2048":false},"uagb_author_info":{"display_name":"lumartec","author_link":"https:\/\/www.automacao10.com.br\/blog\/author\/lumartec\/"},"uagb_comment_info":0,"uagb_excerpt":"Expositor para drones antifurto, ideal para uso em feiras e eventos, lojas, quiosques e demais locais onde precisa deixa drones em exposi\u00e7\u00e3o e ao mesmo de forma segura para evitar furtos destes equipamento devido ao seu valor elevado.Trata-se de uma mini central alarmada com bateria de l\u00edtio e um cabo spiral com 1.25 metros. Caso&hellip;","_links":{"self":[{"href":"https:\/\/www.automacao10.com.br\/blog\/wp-json\/wp\/v2\/pages\/9713"}],"collection":[{"href":"https:\/\/www.automacao10.com.br\/blog\/wp-json\/wp\/v2\/pages"}],"about":[{"href":"https:\/\/www.automacao10.com.br\/blog\/wp-json\/wp\/v2\/types\/page"}],"author":[{"embeddable":true,"href":"https:\/\/www.automacao10.com.br\/blog\/wp-json\/wp\/v2\/users\/1"}],"replies":[{"embeddable":true,"href":"https:\/\/www.automacao10.com.br\/blog\/wp-json\/wp\/v2\/comments?post=9713"}],"version-history":[{"count":30,"href":"https:\/\/www.automacao10.com.br\/blog\/wp-json\/wp\/v2\/pages\/9713\/revisions"}],"predecessor-version":[{"id":9762,"href":"https:\/\/www.automacao10.com.br\/blog\/wp-json\/wp\/v2\/pages\/9713\/revisions\/9762"}],"wp:attachment":[{"href":"https:\/\/www.automacao10.com.br\/blog\/wp-json\/wp\/v2\/media?parent=9713"}],"curies":[{"name":"wp","href":"https:\/\/api.w.org\/{rel}","templated":true}]}}